{"id":10013,"date":"2020-01-01T00:00:00","date_gmt":"2019-12-31T23:00:00","guid":{"rendered":"https:\/\/balloons-united.com\/product\/globos-rundballon-14inch-38cm-standard\/"},"modified":"2025-10-21T13:55:52","modified_gmt":"2025-10-21T12:55:52","slug":"globos-rundballon-14inch-38cm-standard","status":"publish","type":"product","link":"https:\/\/balloons-united.com\/en\/product\/globos-rundballon-14inch-38cm-standard\/","title":{"rendered":"Rundballon 14&#8243; (38cm) Standard | GLOBOS"},"content":{"rendered":"","protected":false},"excerpt":{"rendered":"<p>Rundballon mit einem Durchmesser von 14&#8243; (38cm) von der Marke GLOBOS in Standardfarben.<\/p>\n","protected":false},"featured_media":5914,"template":"","meta":[],"product_brand":[164],"product_cat":[373,368,355,360,375],"product_tag":[],"class_list":{"0":"post-10013","1":"product","2":"type-product","3":"status-publish","4":"has-post-thumbnail","6":"product_brand-globos","7":"product_cat-balloons","8":"product_cat-globos-en","9":"product_cat-round-balloon","10":"product_cat-small","11":"product_cat-visible","13":"first","14":"instock","15":"taxable","16":"shipping-taxable","17":"product-type-grouped"},"yoast_head":"<!-- This site is optimized with the Yoast SEO plugin v27.1.1 - https:\/\/yoast.com\/product\/yoast-seo-wordpress\/ -->\n<title>Buy the GLOBOS Round Balloon 14&quot; (38cm) in standard colors online at BALLOONS UNITED. You can find the biggest selection of balloons in all sizes, shapes and colors in our balloon online shop.<\/title>\n<meta name=\"description\" content=\"GLOBOS Rundballon 14&quot; (38cm) in Standardfarben bei BALLOONS UNITED g\u00fcnstig online kaufen. Riesige Auswahl an Lufballons in allen Gr\u00f6\u00dfen, Formen und Farben in unserem Ballon Onlineshop.\" \/>\n<meta name=\"robots\" content=\"index, follow, max-snippet:-1, max-image-preview:large, max-video-preview:-1\" \/>\n<link rel=\"canonical\" href=\"https:\/\/balloons-united.com\/en\/product\/globos-rundballon-14inch-38cm-standard\/\" \/>\n<meta property=\"og:locale\" content=\"en_US\" \/>\n<meta property=\"og:type\" content=\"article\" \/>\n<meta property=\"og:title\" content=\"Buy the GLOBOS Round Balloon 14&quot; (38cm) in standard colors online at BALLOONS UNITED. You can find the biggest selection of balloons in all sizes, shapes and colors in our balloon online shop.\" \/>\n<meta property=\"og:description\" content=\"GLOBOS Rundballon 14&quot; (38cm) in Standardfarben bei BALLOONS UNITED g\u00fcnstig online kaufen. Riesige Auswahl an Lufballons in allen Gr\u00f6\u00dfen, Formen und Farben in unserem Ballon Onlineshop.\" \/>\n<meta property=\"og:url\" content=\"https:\/\/balloons-united.com\/en\/product\/globos-rundballon-14inch-38cm-standard\/\" \/>\n<meta property=\"og:site_name\" content=\"Balloons United\" \/>\n<meta property=\"article:modified_time\" content=\"2025-10-21T12:55:52+00:00\" \/>\n<meta property=\"og:image\" content=\"https:\/\/balloons-united.com\/wp-content\/uploads\/balloons-united-globos-round-balloon-14inch-38cm-standard-model.jpg\" \/>\n\t<meta property=\"og:image:width\" content=\"1080\" \/>\n\t<meta property=\"og:image:height\" content=\"1080\" \/>\n\t<meta property=\"og:image:type\" content=\"image\/jpeg\" \/>\n<meta name=\"twitter:card\" content=\"summary_large_image\" \/>\n<script type=\"application\/ld+json\" class=\"yoast-schema-graph\">{\"@context\":\"https:\/\/schema.org\",\"@graph\":[{\"@type\":\"WebPage\",\"@id\":\"https:\/\/balloons-united.com\/en\/product\/globos-rundballon-14inch-38cm-standard\/\",\"url\":\"https:\/\/balloons-united.com\/en\/product\/globos-rundballon-14inch-38cm-standard\/\",\"name\":\"Buy the GLOBOS Round Balloon 14\\\" (38cm) in standard colors online at BALLOONS UNITED. You can find the biggest selection of balloons in all sizes, shapes and colors in our balloon online shop.\",\"isPartOf\":{\"@id\":\"https:\/\/balloons-united.com\/en\/#website\"},\"primaryImageOfPage\":{\"@id\":\"https:\/\/balloons-united.com\/en\/product\/globos-rundballon-14inch-38cm-standard\/#primaryimage\"},\"image\":{\"@id\":\"https:\/\/balloons-united.com\/en\/product\/globos-rundballon-14inch-38cm-standard\/#primaryimage\"},\"thumbnailUrl\":\"https:\/\/balloons-united.com\/wp-content\/uploads\/balloons-united-globos-round-balloon-14inch-38cm-standard-model.jpg\",\"datePublished\":\"2019-12-31T23:00:00+00:00\",\"dateModified\":\"2025-10-21T12:55:52+00:00\",\"description\":\"GLOBOS Rundballon 14\\\" (38cm) in Standardfarben bei BALLOONS UNITED g\u00fcnstig online kaufen. Riesige Auswahl an Lufballons in allen Gr\u00f6\u00dfen, Formen und Farben in unserem Ballon Onlineshop.\",\"breadcrumb\":{\"@id\":\"https:\/\/balloons-united.com\/en\/product\/globos-rundballon-14inch-38cm-standard\/#breadcrumb\"},\"inLanguage\":\"en-US\",\"potentialAction\":[{\"@type\":\"ReadAction\",\"target\":[\"https:\/\/balloons-united.com\/en\/product\/globos-rundballon-14inch-38cm-standard\/\"]}]},{\"@type\":\"ImageObject\",\"inLanguage\":\"en-US\",\"@id\":\"https:\/\/balloons-united.com\/en\/product\/globos-rundballon-14inch-38cm-standard\/#primaryimage\",\"url\":\"https:\/\/balloons-united.com\/wp-content\/uploads\/balloons-united-globos-round-balloon-14inch-38cm-standard-model.jpg\",\"contentUrl\":\"https:\/\/balloons-united.com\/wp-content\/uploads\/balloons-united-globos-round-balloon-14inch-38cm-standard-model.jpg\",\"width\":1080,\"height\":1080,\"caption\":\"BALLOONS UNITED - GLOBOS Round Balloon 14\\\" (38cm) Standard\"},{\"@type\":\"BreadcrumbList\",\"@id\":\"https:\/\/balloons-united.com\/en\/product\/globos-rundballon-14inch-38cm-standard\/#breadcrumb\",\"itemListElement\":[{\"@type\":\"ListItem\",\"position\":1,\"name\":\"Home\",\"item\":\"https:\/\/balloons-united.com\/en\/\"},{\"@type\":\"ListItem\",\"position\":2,\"name\":\"Shop\",\"item\":\"https:\/\/balloons-united.com\/shop\/\"},{\"@type\":\"ListItem\",\"position\":3,\"name\":\"Rundballon 14&#8243; (38cm) Standard | GLOBOS\"}]},{\"@type\":\"WebSite\",\"@id\":\"https:\/\/balloons-united.com\/en\/#website\",\"url\":\"https:\/\/balloons-united.com\/en\/\",\"name\":\"Balloons United\",\"description\":\"\",\"publisher\":{\"@id\":\"https:\/\/balloons-united.com\/en\/#organization\"},\"potentialAction\":[{\"@type\":\"SearchAction\",\"target\":{\"@type\":\"EntryPoint\",\"urlTemplate\":\"https:\/\/balloons-united.com\/en\/?s={search_term_string}\"},\"query-input\":{\"@type\":\"PropertyValueSpecification\",\"valueRequired\":true,\"valueName\":\"search_term_string\"}}],\"inLanguage\":\"en-US\"},{\"@type\":\"Organization\",\"@id\":\"https:\/\/balloons-united.com\/en\/#organization\",\"name\":\"Balloons United\",\"url\":\"https:\/\/balloons-united.com\/en\/\",\"logo\":{\"@type\":\"ImageObject\",\"inLanguage\":\"en-US\",\"@id\":\"https:\/\/balloons-united.com\/en\/#\/schema\/logo\/image\/\",\"url\":\"https:\/\/balloons-united.com\/wp-content\/uploads\/balloons-united-logo.png\",\"contentUrl\":\"https:\/\/balloons-united.com\/wp-content\/uploads\/balloons-united-logo.png\",\"width\":460,\"height\":134,\"caption\":\"Balloons United\"},\"image\":{\"@id\":\"https:\/\/balloons-united.com\/en\/#\/schema\/logo\/image\/\"}}]}<\/script>\n<!-- \/ Yoast SEO plugin. -->","yoast_head_json":{"title":"Buy the GLOBOS Round Balloon 14\" (38cm) in standard colors online at BALLOONS UNITED. You can find the biggest selection of balloons in all sizes, shapes and colors in our balloon online shop.","description":"GLOBOS Rundballon 14\" (38cm) in Standardfarben bei BALLOONS UNITED g\u00fcnstig online kaufen. Riesige Auswahl an Lufballons in allen Gr\u00f6\u00dfen, Formen und Farben in unserem Ballon Onlineshop.","robots":{"index":"index","follow":"follow","max-snippet":"max-snippet:-1","max-image-preview":"max-image-preview:large","max-video-preview":"max-video-preview:-1"},"canonical":"https:\/\/balloons-united.com\/en\/product\/globos-rundballon-14inch-38cm-standard\/","og_locale":"en_US","og_type":"article","og_title":"Buy the GLOBOS Round Balloon 14\" (38cm) in standard colors online at BALLOONS UNITED. You can find the biggest selection of balloons in all sizes, shapes and colors in our balloon online shop.","og_description":"GLOBOS Rundballon 14\" (38cm) in Standardfarben bei BALLOONS UNITED g\u00fcnstig online kaufen. Riesige Auswahl an Lufballons in allen Gr\u00f6\u00dfen, Formen und Farben in unserem Ballon Onlineshop.","og_url":"https:\/\/balloons-united.com\/en\/product\/globos-rundballon-14inch-38cm-standard\/","og_site_name":"Balloons United","article_modified_time":"2025-10-21T12:55:52+00:00","og_image":[{"width":1080,"height":1080,"url":"https:\/\/balloons-united.com\/wp-content\/uploads\/balloons-united-globos-round-balloon-14inch-38cm-standard-model.jpg","type":"image\/jpeg"}],"twitter_card":"summary_large_image","schema":{"@context":"https:\/\/schema.org","@graph":[{"@type":"WebPage","@id":"https:\/\/balloons-united.com\/en\/product\/globos-rundballon-14inch-38cm-standard\/","url":"https:\/\/balloons-united.com\/en\/product\/globos-rundballon-14inch-38cm-standard\/","name":"Buy the GLOBOS Round Balloon 14\" (38cm) in standard colors online at BALLOONS UNITED. You can find the biggest selection of balloons in all sizes, shapes and colors in our balloon online shop.","isPartOf":{"@id":"https:\/\/balloons-united.com\/en\/#website"},"primaryImageOfPage":{"@id":"https:\/\/balloons-united.com\/en\/product\/globos-rundballon-14inch-38cm-standard\/#primaryimage"},"image":{"@id":"https:\/\/balloons-united.com\/en\/product\/globos-rundballon-14inch-38cm-standard\/#primaryimage"},"thumbnailUrl":"https:\/\/balloons-united.com\/wp-content\/uploads\/balloons-united-globos-round-balloon-14inch-38cm-standard-model.jpg","datePublished":"2019-12-31T23:00:00+00:00","dateModified":"2025-10-21T12:55:52+00:00","description":"GLOBOS Rundballon 14\" (38cm) in Standardfarben bei BALLOONS UNITED g\u00fcnstig online kaufen. Riesige Auswahl an Lufballons in allen Gr\u00f6\u00dfen, Formen und Farben in unserem Ballon Onlineshop.","breadcrumb":{"@id":"https:\/\/balloons-united.com\/en\/product\/globos-rundballon-14inch-38cm-standard\/#breadcrumb"},"inLanguage":"en-US","potentialAction":[{"@type":"ReadAction","target":["https:\/\/balloons-united.com\/en\/product\/globos-rundballon-14inch-38cm-standard\/"]}]},{"@type":"ImageObject","inLanguage":"en-US","@id":"https:\/\/balloons-united.com\/en\/product\/globos-rundballon-14inch-38cm-standard\/#primaryimage","url":"https:\/\/balloons-united.com\/wp-content\/uploads\/balloons-united-globos-round-balloon-14inch-38cm-standard-model.jpg","contentUrl":"https:\/\/balloons-united.com\/wp-content\/uploads\/balloons-united-globos-round-balloon-14inch-38cm-standard-model.jpg","width":1080,"height":1080,"caption":"BALLOONS UNITED - GLOBOS Round Balloon 14\" (38cm) Standard"},{"@type":"BreadcrumbList","@id":"https:\/\/balloons-united.com\/en\/product\/globos-rundballon-14inch-38cm-standard\/#breadcrumb","itemListElement":[{"@type":"ListItem","position":1,"name":"Home","item":"https:\/\/balloons-united.com\/en\/"},{"@type":"ListItem","position":2,"name":"Shop","item":"https:\/\/balloons-united.com\/shop\/"},{"@type":"ListItem","position":3,"name":"Rundballon 14&#8243; (38cm) Standard | GLOBOS"}]},{"@type":"WebSite","@id":"https:\/\/balloons-united.com\/en\/#website","url":"https:\/\/balloons-united.com\/en\/","name":"Balloons United","description":"","publisher":{"@id":"https:\/\/balloons-united.com\/en\/#organization"},"potentialAction":[{"@type":"SearchAction","target":{"@type":"EntryPoint","urlTemplate":"https:\/\/balloons-united.com\/en\/?s={search_term_string}"},"query-input":{"@type":"PropertyValueSpecification","valueRequired":true,"valueName":"search_term_string"}}],"inLanguage":"en-US"},{"@type":"Organization","@id":"https:\/\/balloons-united.com\/en\/#organization","name":"Balloons United","url":"https:\/\/balloons-united.com\/en\/","logo":{"@type":"ImageObject","inLanguage":"en-US","@id":"https:\/\/balloons-united.com\/en\/#\/schema\/logo\/image\/","url":"https:\/\/balloons-united.com\/wp-content\/uploads\/balloons-united-logo.png","contentUrl":"https:\/\/balloons-united.com\/wp-content\/uploads\/balloons-united-logo.png","width":460,"height":134,"caption":"Balloons United"},"image":{"@id":"https:\/\/balloons-united.com\/en\/#\/schema\/logo\/image\/"}}]}},"_links":{"self":[{"href":"https:\/\/balloons-united.com\/en\/wp-json\/wp\/v2\/product\/10013","targetHints":{"allow":["GET"]}}],"collection":[{"href":"https:\/\/balloons-united.com\/en\/wp-json\/wp\/v2\/product"}],"about":[{"href":"https:\/\/balloons-united.com\/en\/wp-json\/wp\/v2\/types\/product"}],"wp:featuredmedia":[{"embeddable":true,"href":"https:\/\/balloons-united.com\/en\/wp-json\/wp\/v2\/media\/5914"}],"wp:attachment":[{"href":"https:\/\/balloons-united.com\/en\/wp-json\/wp\/v2\/media?parent=10013"}],"wp:term":[{"taxonomy":"product_brand","embeddable":true,"href":"https:\/\/balloons-united.com\/en\/wp-json\/wp\/v2\/product_brand?post=10013"},{"taxonomy":"product_cat","embeddable":true,"href":"https:\/\/balloons-united.com\/en\/wp-json\/wp\/v2\/product_cat?post=10013"},{"taxonomy":"product_tag","embeddable":true,"href":"https:\/\/balloons-united.com\/en\/wp-json\/wp\/v2\/product_tag?post=10013"}],"curies":[{"name":"wp","href":"https:\/\/api.w.org\/{rel}","templated":true}]}}