{"id":10139,"date":"2020-01-01T00:00:00","date_gmt":"2019-12-31T23:00:00","guid":{"rendered":"https:\/\/balloons-united.com\/product\/cattex-herzballon-36inch-90cm\/"},"modified":"2025-10-21T12:17:32","modified_gmt":"2025-10-21T11:17:32","slug":"cattex-herzballon-36inch-90cm","status":"publish","type":"product","link":"https:\/\/balloons-united.com\/en\/product\/cattex-herzballon-36inch-90cm\/","title":{"rendered":"Herzballon 36&#8243; (90cm) | CATTEX"},"content":{"rendered":"","protected":false},"excerpt":{"rendered":"<p>Herzballon mit einem Durchmesser von 36&#8243; (90cm) von der Marke CATTEX in Standardfarben.<\/p>\n","protected":false},"featured_media":7387,"template":"","meta":[],"product_brand":[159],"product_cat":[373,488,366,353,375],"product_tag":[],"class_list":{"0":"post-10139","1":"product","2":"type-product","3":"status-publish","4":"has-post-thumbnail","6":"product_brand-cattex","7":"product_cat-balloons","8":"product_cat-gross-22-40-55cm-100cm-en","9":"product_cat-cattex-en","10":"product_cat-heart-balloon","11":"product_cat-visible","13":"first","14":"instock","15":"taxable","16":"shipping-taxable","17":"product-type-grouped"},"yoast_head":"<!-- This site is optimized with the Yoast SEO plugin v27.1.1 - https:\/\/yoast.com\/product\/yoast-seo-wordpress\/ -->\n<title>Buy the CATTEX Heart Balloon 36&quot; (90cm) in standard colors at BALLOONS UNITED. You can find the biggest selection of balloons in all sizes, shapes and colors in our balloon online shop.<\/title>\n<meta name=\"description\" content=\"CATTEX Herzballon 36&quot; (90cm) in Standardfarben bei BALLOONS UNITED g\u00fcnstig online kaufen. Riesige Auswahl an Lufballons in allen Gr\u00f6\u00dfen, Formen und Farben in unserem Ballon Onlineshop.\" \/>\n<meta name=\"robots\" content=\"index, follow, max-snippet:-1, max-image-preview:large, max-video-preview:-1\" \/>\n<link rel=\"canonical\" href=\"https:\/\/balloons-united.com\/en\/product\/cattex-herzballon-36inch-90cm\/\" \/>\n<meta property=\"og:locale\" content=\"en_US\" \/>\n<meta property=\"og:type\" content=\"article\" \/>\n<meta property=\"og:title\" content=\"Buy the CATTEX Heart Balloon 36&quot; (90cm) in standard colors at BALLOONS UNITED. You can find the biggest selection of balloons in all sizes, shapes and colors in our balloon online shop.\" \/>\n<meta property=\"og:description\" content=\"CATTEX Herzballon 36&quot; (90cm) in Standardfarben bei BALLOONS UNITED g\u00fcnstig online kaufen. Riesige Auswahl an Lufballons in allen Gr\u00f6\u00dfen, Formen und Farben in unserem Ballon Onlineshop.\" \/>\n<meta property=\"og:url\" content=\"https:\/\/balloons-united.com\/en\/product\/cattex-herzballon-36inch-90cm\/\" \/>\n<meta property=\"og:site_name\" content=\"Balloons United\" \/>\n<meta property=\"article:modified_time\" content=\"2025-10-21T11:17:32+00:00\" \/>\n<meta property=\"og:image\" content=\"https:\/\/balloons-united.com\/wp-content\/uploads\/balloons-united-cattex-heart-balloon-36inch-90cm-model.jpg\" \/>\n\t<meta property=\"og:image:width\" content=\"1080\" \/>\n\t<meta property=\"og:image:height\" content=\"1080\" \/>\n\t<meta property=\"og:image:type\" content=\"image\/jpeg\" \/>\n<meta name=\"twitter:card\" content=\"summary_large_image\" \/>\n<script type=\"application\/ld+json\" class=\"yoast-schema-graph\">{\"@context\":\"https:\/\/schema.org\",\"@graph\":[{\"@type\":\"WebPage\",\"@id\":\"https:\/\/balloons-united.com\/en\/product\/cattex-herzballon-36inch-90cm\/\",\"url\":\"https:\/\/balloons-united.com\/en\/product\/cattex-herzballon-36inch-90cm\/\",\"name\":\"Buy the CATTEX Heart Balloon 36\\\" (90cm) in standard colors at BALLOONS UNITED. You can find the biggest selection of balloons in all sizes, shapes and colors in our balloon online shop.\",\"isPartOf\":{\"@id\":\"https:\/\/balloons-united.com\/en\/#website\"},\"primaryImageOfPage\":{\"@id\":\"https:\/\/balloons-united.com\/en\/product\/cattex-herzballon-36inch-90cm\/#primaryimage\"},\"image\":{\"@id\":\"https:\/\/balloons-united.com\/en\/product\/cattex-herzballon-36inch-90cm\/#primaryimage\"},\"thumbnailUrl\":\"https:\/\/balloons-united.com\/wp-content\/uploads\/balloons-united-cattex-heart-balloon-36inch-90cm-model.jpg\",\"datePublished\":\"2019-12-31T23:00:00+00:00\",\"dateModified\":\"2025-10-21T11:17:32+00:00\",\"description\":\"CATTEX Herzballon 36\\\" (90cm) in Standardfarben bei BALLOONS UNITED g\u00fcnstig online kaufen. Riesige Auswahl an Lufballons in allen Gr\u00f6\u00dfen, Formen und Farben in unserem Ballon Onlineshop.\",\"breadcrumb\":{\"@id\":\"https:\/\/balloons-united.com\/en\/product\/cattex-herzballon-36inch-90cm\/#breadcrumb\"},\"inLanguage\":\"en-US\",\"potentialAction\":[{\"@type\":\"ReadAction\",\"target\":[\"https:\/\/balloons-united.com\/en\/product\/cattex-herzballon-36inch-90cm\/\"]}]},{\"@type\":\"ImageObject\",\"inLanguage\":\"en-US\",\"@id\":\"https:\/\/balloons-united.com\/en\/product\/cattex-herzballon-36inch-90cm\/#primaryimage\",\"url\":\"https:\/\/balloons-united.com\/wp-content\/uploads\/balloons-united-cattex-heart-balloon-36inch-90cm-model.jpg\",\"contentUrl\":\"https:\/\/balloons-united.com\/wp-content\/uploads\/balloons-united-cattex-heart-balloon-36inch-90cm-model.jpg\",\"width\":1080,\"height\":1080,\"caption\":\"BALLOONS UNITED - CATTEX Heart Balloon 36\\\" (90cm)\"},{\"@type\":\"BreadcrumbList\",\"@id\":\"https:\/\/balloons-united.com\/en\/product\/cattex-herzballon-36inch-90cm\/#breadcrumb\",\"itemListElement\":[{\"@type\":\"ListItem\",\"position\":1,\"name\":\"Home\",\"item\":\"https:\/\/balloons-united.com\/en\/\"},{\"@type\":\"ListItem\",\"position\":2,\"name\":\"Shop\",\"item\":\"https:\/\/balloons-united.com\/shop\/\"},{\"@type\":\"ListItem\",\"position\":3,\"name\":\"Herzballon 36&#8243; (90cm) | CATTEX\"}]},{\"@type\":\"WebSite\",\"@id\":\"https:\/\/balloons-united.com\/en\/#website\",\"url\":\"https:\/\/balloons-united.com\/en\/\",\"name\":\"Balloons United\",\"description\":\"\",\"publisher\":{\"@id\":\"https:\/\/balloons-united.com\/en\/#organization\"},\"potentialAction\":[{\"@type\":\"SearchAction\",\"target\":{\"@type\":\"EntryPoint\",\"urlTemplate\":\"https:\/\/balloons-united.com\/en\/?s={search_term_string}\"},\"query-input\":{\"@type\":\"PropertyValueSpecification\",\"valueRequired\":true,\"valueName\":\"search_term_string\"}}],\"inLanguage\":\"en-US\"},{\"@type\":\"Organization\",\"@id\":\"https:\/\/balloons-united.com\/en\/#organization\",\"name\":\"Balloons United\",\"url\":\"https:\/\/balloons-united.com\/en\/\",\"logo\":{\"@type\":\"ImageObject\",\"inLanguage\":\"en-US\",\"@id\":\"https:\/\/balloons-united.com\/en\/#\/schema\/logo\/image\/\",\"url\":\"https:\/\/balloons-united.com\/wp-content\/uploads\/balloons-united-logo.png\",\"contentUrl\":\"https:\/\/balloons-united.com\/wp-content\/uploads\/balloons-united-logo.png\",\"width\":460,\"height\":134,\"caption\":\"Balloons United\"},\"image\":{\"@id\":\"https:\/\/balloons-united.com\/en\/#\/schema\/logo\/image\/\"}}]}<\/script>\n<!-- \/ Yoast SEO plugin. -->","yoast_head_json":{"title":"Buy the CATTEX Heart Balloon 36\" (90cm) in standard colors at BALLOONS UNITED. You can find the biggest selection of balloons in all sizes, shapes and colors in our balloon online shop.","description":"CATTEX Herzballon 36\" (90cm) in Standardfarben bei BALLOONS UNITED g\u00fcnstig online kaufen. Riesige Auswahl an Lufballons in allen Gr\u00f6\u00dfen, Formen und Farben in unserem Ballon Onlineshop.","robots":{"index":"index","follow":"follow","max-snippet":"max-snippet:-1","max-image-preview":"max-image-preview:large","max-video-preview":"max-video-preview:-1"},"canonical":"https:\/\/balloons-united.com\/en\/product\/cattex-herzballon-36inch-90cm\/","og_locale":"en_US","og_type":"article","og_title":"Buy the CATTEX Heart Balloon 36\" (90cm) in standard colors at BALLOONS UNITED. You can find the biggest selection of balloons in all sizes, shapes and colors in our balloon online shop.","og_description":"CATTEX Herzballon 36\" (90cm) in Standardfarben bei BALLOONS UNITED g\u00fcnstig online kaufen. Riesige Auswahl an Lufballons in allen Gr\u00f6\u00dfen, Formen und Farben in unserem Ballon Onlineshop.","og_url":"https:\/\/balloons-united.com\/en\/product\/cattex-herzballon-36inch-90cm\/","og_site_name":"Balloons United","article_modified_time":"2025-10-21T11:17:32+00:00","og_image":[{"width":1080,"height":1080,"url":"https:\/\/balloons-united.com\/wp-content\/uploads\/balloons-united-cattex-heart-balloon-36inch-90cm-model.jpg","type":"image\/jpeg"}],"twitter_card":"summary_large_image","schema":{"@context":"https:\/\/schema.org","@graph":[{"@type":"WebPage","@id":"https:\/\/balloons-united.com\/en\/product\/cattex-herzballon-36inch-90cm\/","url":"https:\/\/balloons-united.com\/en\/product\/cattex-herzballon-36inch-90cm\/","name":"Buy the CATTEX Heart Balloon 36\" (90cm) in standard colors at BALLOONS UNITED. You can find the biggest selection of balloons in all sizes, shapes and colors in our balloon online shop.","isPartOf":{"@id":"https:\/\/balloons-united.com\/en\/#website"},"primaryImageOfPage":{"@id":"https:\/\/balloons-united.com\/en\/product\/cattex-herzballon-36inch-90cm\/#primaryimage"},"image":{"@id":"https:\/\/balloons-united.com\/en\/product\/cattex-herzballon-36inch-90cm\/#primaryimage"},"thumbnailUrl":"https:\/\/balloons-united.com\/wp-content\/uploads\/balloons-united-cattex-heart-balloon-36inch-90cm-model.jpg","datePublished":"2019-12-31T23:00:00+00:00","dateModified":"2025-10-21T11:17:32+00:00","description":"CATTEX Herzballon 36\" (90cm) in Standardfarben bei BALLOONS UNITED g\u00fcnstig online kaufen. Riesige Auswahl an Lufballons in allen Gr\u00f6\u00dfen, Formen und Farben in unserem Ballon Onlineshop.","breadcrumb":{"@id":"https:\/\/balloons-united.com\/en\/product\/cattex-herzballon-36inch-90cm\/#breadcrumb"},"inLanguage":"en-US","potentialAction":[{"@type":"ReadAction","target":["https:\/\/balloons-united.com\/en\/product\/cattex-herzballon-36inch-90cm\/"]}]},{"@type":"ImageObject","inLanguage":"en-US","@id":"https:\/\/balloons-united.com\/en\/product\/cattex-herzballon-36inch-90cm\/#primaryimage","url":"https:\/\/balloons-united.com\/wp-content\/uploads\/balloons-united-cattex-heart-balloon-36inch-90cm-model.jpg","contentUrl":"https:\/\/balloons-united.com\/wp-content\/uploads\/balloons-united-cattex-heart-balloon-36inch-90cm-model.jpg","width":1080,"height":1080,"caption":"BALLOONS UNITED - CATTEX Heart Balloon 36\" (90cm)"},{"@type":"BreadcrumbList","@id":"https:\/\/balloons-united.com\/en\/product\/cattex-herzballon-36inch-90cm\/#breadcrumb","itemListElement":[{"@type":"ListItem","position":1,"name":"Home","item":"https:\/\/balloons-united.com\/en\/"},{"@type":"ListItem","position":2,"name":"Shop","item":"https:\/\/balloons-united.com\/shop\/"},{"@type":"ListItem","position":3,"name":"Herzballon 36&#8243; (90cm) | CATTEX"}]},{"@type":"WebSite","@id":"https:\/\/balloons-united.com\/en\/#website","url":"https:\/\/balloons-united.com\/en\/","name":"Balloons United","description":"","publisher":{"@id":"https:\/\/balloons-united.com\/en\/#organization"},"potentialAction":[{"@type":"SearchAction","target":{"@type":"EntryPoint","urlTemplate":"https:\/\/balloons-united.com\/en\/?s={search_term_string}"},"query-input":{"@type":"PropertyValueSpecification","valueRequired":true,"valueName":"search_term_string"}}],"inLanguage":"en-US"},{"@type":"Organization","@id":"https:\/\/balloons-united.com\/en\/#organization","name":"Balloons United","url":"https:\/\/balloons-united.com\/en\/","logo":{"@type":"ImageObject","inLanguage":"en-US","@id":"https:\/\/balloons-united.com\/en\/#\/schema\/logo\/image\/","url":"https:\/\/balloons-united.com\/wp-content\/uploads\/balloons-united-logo.png","contentUrl":"https:\/\/balloons-united.com\/wp-content\/uploads\/balloons-united-logo.png","width":460,"height":134,"caption":"Balloons United"},"image":{"@id":"https:\/\/balloons-united.com\/en\/#\/schema\/logo\/image\/"}}]}},"_links":{"self":[{"href":"https:\/\/balloons-united.com\/en\/wp-json\/wp\/v2\/product\/10139","targetHints":{"allow":["GET"]}}],"collection":[{"href":"https:\/\/balloons-united.com\/en\/wp-json\/wp\/v2\/product"}],"about":[{"href":"https:\/\/balloons-united.com\/en\/wp-json\/wp\/v2\/types\/product"}],"wp:featuredmedia":[{"embeddable":true,"href":"https:\/\/balloons-united.com\/en\/wp-json\/wp\/v2\/media\/7387"}],"wp:attachment":[{"href":"https:\/\/balloons-united.com\/en\/wp-json\/wp\/v2\/media?parent=10139"}],"wp:term":[{"taxonomy":"product_brand","embeddable":true,"href":"https:\/\/balloons-united.com\/en\/wp-json\/wp\/v2\/product_brand?post=10139"},{"taxonomy":"product_cat","embeddable":true,"href":"https:\/\/balloons-united.com\/en\/wp-json\/wp\/v2\/product_cat?post=10139"},{"taxonomy":"product_tag","embeddable":true,"href":"https:\/\/balloons-united.com\/en\/wp-json\/wp\/v2\/product_tag?post=10139"}],"curies":[{"name":"wp","href":"https:\/\/api.w.org\/{rel}","templated":true}]}}