{"id":17298,"date":"2022-04-06T14:30:46","date_gmt":"2022-04-06T13:30:46","guid":{"rendered":"https:\/\/balloons-united.com\/?post_type=product&#038;p=17298"},"modified":"2025-09-18T22:03:25","modified_gmt":"2025-09-18T21:03:25","slug":"kalisan-rundballon-24inch-60cm-colormix-crystal-10-pieces","status":"publish","type":"product","link":"https:\/\/balloons-united.com\/en\/product\/kalisan-rundballon-24inch-60cm-colormix-crystal-10-pieces\/","title":{"rendered":"Roundballon 24&#8243; (60cm) Colormix Crystal 10 pieces | KALISAN"},"content":{"rendered":"","protected":false},"excerpt":{"rendered":"<p>10 round balloons with a diameter of 24&#8243; (60cm) from the KALISAN brand in a color mix bag in crystal colours.<\/p>\n","protected":false},"featured_media":18724,"template":"","meta":[],"product_brand":[627],"product_cat":[373,359,630,355,375],"product_tag":[],"class_list":{"0":"post-17298","1":"product","2":"type-product","3":"status-publish","4":"has-post-thumbnail","6":"product_brand-kalisan","7":"product_cat-balloons","8":"product_cat-big","9":"product_cat-kalisan-en","10":"product_cat-round-balloon","11":"product_cat-visible","13":"first","14":"outofstock","15":"taxable","16":"shipping-taxable","17":"purchasable","18":"product-type-simple"},"yoast_head":"<!-- This site is optimized with the Yoast SEO plugin v27.1.1 - https:\/\/yoast.com\/product\/yoast-seo-wordpress\/ -->\n<title>KALISAN 10 Round balloon 24&quot; (60cm) Colormix in Crystal colors<\/title>\n<meta name=\"description\" content=\"KALISAN Rundballon 24&quot; (60cm) Farbmix in Kristallfarben bei BALLOONS UNITED g\u00fcnstig online kaufen. Riesige Auswahl an Luftballons in allen Gr\u00f6\u00dfen, Formen und Farben in unserem Ballon Onlineshop.\" \/>\n<meta name=\"robots\" content=\"index, follow, max-snippet:-1, max-image-preview:large, max-video-preview:-1\" \/>\n<link rel=\"canonical\" href=\"https:\/\/balloons-united.com\/en\/product\/kalisan-rundballon-24inch-60cm-colormix-crystal-10-pieces\/\" \/>\n<meta property=\"og:locale\" content=\"en_US\" \/>\n<meta property=\"og:type\" content=\"article\" \/>\n<meta property=\"og:title\" content=\"KALISAN 10 Round balloon 24&quot; (60cm) Colormix in Crystal colors\" \/>\n<meta property=\"og:description\" content=\"KALISAN Rundballon 24&quot; (60cm) Farbmix in Kristallfarben bei BALLOONS UNITED g\u00fcnstig online kaufen. Riesige Auswahl an Luftballons in allen Gr\u00f6\u00dfen, Formen und Farben in unserem Ballon Onlineshop.\" \/>\n<meta property=\"og:url\" content=\"https:\/\/balloons-united.com\/en\/product\/kalisan-rundballon-24inch-60cm-colormix-crystal-10-pieces\/\" \/>\n<meta property=\"og:site_name\" content=\"Balloons United\" \/>\n<meta property=\"article:modified_time\" content=\"2025-09-18T21:03:25+00:00\" \/>\n<meta property=\"og:image\" content=\"https:\/\/balloons-united.com\/wp-content\/uploads\/perlatex_24inch_kristall_farbmix-scaled.jpg\" \/>\n\t<meta property=\"og:image:width\" content=\"2560\" \/>\n\t<meta property=\"og:image:height\" content=\"2560\" \/>\n\t<meta property=\"og:image:type\" content=\"image\/jpeg\" \/>\n<meta name=\"twitter:card\" content=\"summary_large_image\" \/>\n<script type=\"application\/ld+json\" class=\"yoast-schema-graph\">{\"@context\":\"https:\/\/schema.org\",\"@graph\":[{\"@type\":\"WebPage\",\"@id\":\"https:\/\/balloons-united.com\/en\/product\/kalisan-rundballon-24inch-60cm-colormix-crystal-10-pieces\/\",\"url\":\"https:\/\/balloons-united.com\/en\/product\/kalisan-rundballon-24inch-60cm-colormix-crystal-10-pieces\/\",\"name\":\"KALISAN 10 Round balloon 24\\\" (60cm) Colormix in Crystal colors\",\"isPartOf\":{\"@id\":\"https:\/\/balloons-united.com\/en\/#website\"},\"primaryImageOfPage\":{\"@id\":\"https:\/\/balloons-united.com\/en\/product\/kalisan-rundballon-24inch-60cm-colormix-crystal-10-pieces\/#primaryimage\"},\"image\":{\"@id\":\"https:\/\/balloons-united.com\/en\/product\/kalisan-rundballon-24inch-60cm-colormix-crystal-10-pieces\/#primaryimage\"},\"thumbnailUrl\":\"https:\/\/balloons-united.com\/wp-content\/uploads\/perlatex_24inch_kristall_farbmix-scaled.jpg\",\"datePublished\":\"2022-04-06T13:30:46+00:00\",\"dateModified\":\"2025-09-18T21:03:25+00:00\",\"description\":\"KALISAN Rundballon 24\\\" (60cm) Farbmix in Kristallfarben bei BALLOONS UNITED g\u00fcnstig online kaufen. Riesige Auswahl an Luftballons in allen Gr\u00f6\u00dfen, Formen und Farben in unserem Ballon Onlineshop.\",\"breadcrumb\":{\"@id\":\"https:\/\/balloons-united.com\/en\/product\/kalisan-rundballon-24inch-60cm-colormix-crystal-10-pieces\/#breadcrumb\"},\"inLanguage\":\"en-US\",\"potentialAction\":[{\"@type\":\"ReadAction\",\"target\":[\"https:\/\/balloons-united.com\/en\/product\/kalisan-rundballon-24inch-60cm-colormix-crystal-10-pieces\/\"]}]},{\"@type\":\"ImageObject\",\"inLanguage\":\"en-US\",\"@id\":\"https:\/\/balloons-united.com\/en\/product\/kalisan-rundballon-24inch-60cm-colormix-crystal-10-pieces\/#primaryimage\",\"url\":\"https:\/\/balloons-united.com\/wp-content\/uploads\/perlatex_24inch_kristall_farbmix-scaled.jpg\",\"contentUrl\":\"https:\/\/balloons-united.com\/wp-content\/uploads\/perlatex_24inch_kristall_farbmix-scaled.jpg\",\"width\":2560,\"height\":2560},{\"@type\":\"BreadcrumbList\",\"@id\":\"https:\/\/balloons-united.com\/en\/product\/kalisan-rundballon-24inch-60cm-colormix-crystal-10-pieces\/#breadcrumb\",\"itemListElement\":[{\"@type\":\"ListItem\",\"position\":1,\"name\":\"Home\",\"item\":\"https:\/\/balloons-united.com\/en\/\"},{\"@type\":\"ListItem\",\"position\":2,\"name\":\"Shop\",\"item\":\"https:\/\/balloons-united.com\/shop\/\"},{\"@type\":\"ListItem\",\"position\":3,\"name\":\"Roundballon 24&#8243; (60cm) Colormix Crystal 10 pieces | KALISAN\"}]},{\"@type\":\"WebSite\",\"@id\":\"https:\/\/balloons-united.com\/en\/#website\",\"url\":\"https:\/\/balloons-united.com\/en\/\",\"name\":\"Balloons United\",\"description\":\"\",\"publisher\":{\"@id\":\"https:\/\/balloons-united.com\/en\/#organization\"},\"potentialAction\":[{\"@type\":\"SearchAction\",\"target\":{\"@type\":\"EntryPoint\",\"urlTemplate\":\"https:\/\/balloons-united.com\/en\/?s={search_term_string}\"},\"query-input\":{\"@type\":\"PropertyValueSpecification\",\"valueRequired\":true,\"valueName\":\"search_term_string\"}}],\"inLanguage\":\"en-US\"},{\"@type\":\"Organization\",\"@id\":\"https:\/\/balloons-united.com\/en\/#organization\",\"name\":\"Balloons United\",\"url\":\"https:\/\/balloons-united.com\/en\/\",\"logo\":{\"@type\":\"ImageObject\",\"inLanguage\":\"en-US\",\"@id\":\"https:\/\/balloons-united.com\/en\/#\/schema\/logo\/image\/\",\"url\":\"https:\/\/balloons-united.com\/wp-content\/uploads\/balloons-united-logo.png\",\"contentUrl\":\"https:\/\/balloons-united.com\/wp-content\/uploads\/balloons-united-logo.png\",\"width\":460,\"height\":134,\"caption\":\"Balloons United\"},\"image\":{\"@id\":\"https:\/\/balloons-united.com\/en\/#\/schema\/logo\/image\/\"}}]}<\/script>\n<!-- \/ Yoast SEO plugin. -->","yoast_head_json":{"title":"KALISAN 10 Round balloon 24\" (60cm) Colormix in Crystal colors","description":"KALISAN Rundballon 24\" (60cm) Farbmix in Kristallfarben bei BALLOONS UNITED g\u00fcnstig online kaufen. Riesige Auswahl an Luftballons in allen Gr\u00f6\u00dfen, Formen und Farben in unserem Ballon Onlineshop.","robots":{"index":"index","follow":"follow","max-snippet":"max-snippet:-1","max-image-preview":"max-image-preview:large","max-video-preview":"max-video-preview:-1"},"canonical":"https:\/\/balloons-united.com\/en\/product\/kalisan-rundballon-24inch-60cm-colormix-crystal-10-pieces\/","og_locale":"en_US","og_type":"article","og_title":"KALISAN 10 Round balloon 24\" (60cm) Colormix in Crystal colors","og_description":"KALISAN Rundballon 24\" (60cm) Farbmix in Kristallfarben bei BALLOONS UNITED g\u00fcnstig online kaufen. Riesige Auswahl an Luftballons in allen Gr\u00f6\u00dfen, Formen und Farben in unserem Ballon Onlineshop.","og_url":"https:\/\/balloons-united.com\/en\/product\/kalisan-rundballon-24inch-60cm-colormix-crystal-10-pieces\/","og_site_name":"Balloons United","article_modified_time":"2025-09-18T21:03:25+00:00","og_image":[{"width":2560,"height":2560,"url":"https:\/\/balloons-united.com\/wp-content\/uploads\/perlatex_24inch_kristall_farbmix-scaled.jpg","type":"image\/jpeg"}],"twitter_card":"summary_large_image","schema":{"@context":"https:\/\/schema.org","@graph":[{"@type":"WebPage","@id":"https:\/\/balloons-united.com\/en\/product\/kalisan-rundballon-24inch-60cm-colormix-crystal-10-pieces\/","url":"https:\/\/balloons-united.com\/en\/product\/kalisan-rundballon-24inch-60cm-colormix-crystal-10-pieces\/","name":"KALISAN 10 Round balloon 24\" (60cm) Colormix in Crystal colors","isPartOf":{"@id":"https:\/\/balloons-united.com\/en\/#website"},"primaryImageOfPage":{"@id":"https:\/\/balloons-united.com\/en\/product\/kalisan-rundballon-24inch-60cm-colormix-crystal-10-pieces\/#primaryimage"},"image":{"@id":"https:\/\/balloons-united.com\/en\/product\/kalisan-rundballon-24inch-60cm-colormix-crystal-10-pieces\/#primaryimage"},"thumbnailUrl":"https:\/\/balloons-united.com\/wp-content\/uploads\/perlatex_24inch_kristall_farbmix-scaled.jpg","datePublished":"2022-04-06T13:30:46+00:00","dateModified":"2025-09-18T21:03:25+00:00","description":"KALISAN Rundballon 24\" (60cm) Farbmix in Kristallfarben bei BALLOONS UNITED g\u00fcnstig online kaufen. Riesige Auswahl an Luftballons in allen Gr\u00f6\u00dfen, Formen und Farben in unserem Ballon Onlineshop.","breadcrumb":{"@id":"https:\/\/balloons-united.com\/en\/product\/kalisan-rundballon-24inch-60cm-colormix-crystal-10-pieces\/#breadcrumb"},"inLanguage":"en-US","potentialAction":[{"@type":"ReadAction","target":["https:\/\/balloons-united.com\/en\/product\/kalisan-rundballon-24inch-60cm-colormix-crystal-10-pieces\/"]}]},{"@type":"ImageObject","inLanguage":"en-US","@id":"https:\/\/balloons-united.com\/en\/product\/kalisan-rundballon-24inch-60cm-colormix-crystal-10-pieces\/#primaryimage","url":"https:\/\/balloons-united.com\/wp-content\/uploads\/perlatex_24inch_kristall_farbmix-scaled.jpg","contentUrl":"https:\/\/balloons-united.com\/wp-content\/uploads\/perlatex_24inch_kristall_farbmix-scaled.jpg","width":2560,"height":2560},{"@type":"BreadcrumbList","@id":"https:\/\/balloons-united.com\/en\/product\/kalisan-rundballon-24inch-60cm-colormix-crystal-10-pieces\/#breadcrumb","itemListElement":[{"@type":"ListItem","position":1,"name":"Home","item":"https:\/\/balloons-united.com\/en\/"},{"@type":"ListItem","position":2,"name":"Shop","item":"https:\/\/balloons-united.com\/shop\/"},{"@type":"ListItem","position":3,"name":"Roundballon 24&#8243; (60cm) Colormix Crystal 10 pieces | KALISAN"}]},{"@type":"WebSite","@id":"https:\/\/balloons-united.com\/en\/#website","url":"https:\/\/balloons-united.com\/en\/","name":"Balloons United","description":"","publisher":{"@id":"https:\/\/balloons-united.com\/en\/#organization"},"potentialAction":[{"@type":"SearchAction","target":{"@type":"EntryPoint","urlTemplate":"https:\/\/balloons-united.com\/en\/?s={search_term_string}"},"query-input":{"@type":"PropertyValueSpecification","valueRequired":true,"valueName":"search_term_string"}}],"inLanguage":"en-US"},{"@type":"Organization","@id":"https:\/\/balloons-united.com\/en\/#organization","name":"Balloons United","url":"https:\/\/balloons-united.com\/en\/","logo":{"@type":"ImageObject","inLanguage":"en-US","@id":"https:\/\/balloons-united.com\/en\/#\/schema\/logo\/image\/","url":"https:\/\/balloons-united.com\/wp-content\/uploads\/balloons-united-logo.png","contentUrl":"https:\/\/balloons-united.com\/wp-content\/uploads\/balloons-united-logo.png","width":460,"height":134,"caption":"Balloons United"},"image":{"@id":"https:\/\/balloons-united.com\/en\/#\/schema\/logo\/image\/"}}]}},"_links":{"self":[{"href":"https:\/\/balloons-united.com\/en\/wp-json\/wp\/v2\/product\/17298","targetHints":{"allow":["GET"]}}],"collection":[{"href":"https:\/\/balloons-united.com\/en\/wp-json\/wp\/v2\/product"}],"about":[{"href":"https:\/\/balloons-united.com\/en\/wp-json\/wp\/v2\/types\/product"}],"wp:featuredmedia":[{"embeddable":true,"href":"https:\/\/balloons-united.com\/en\/wp-json\/wp\/v2\/media\/18724"}],"wp:attachment":[{"href":"https:\/\/balloons-united.com\/en\/wp-json\/wp\/v2\/media?parent=17298"}],"wp:term":[{"taxonomy":"product_brand","embeddable":true,"href":"https:\/\/balloons-united.com\/en\/wp-json\/wp\/v2\/product_brand?post=17298"},{"taxonomy":"product_cat","embeddable":true,"href":"https:\/\/balloons-united.com\/en\/wp-json\/wp\/v2\/product_cat?post=17298"},{"taxonomy":"product_tag","embeddable":true,"href":"https:\/\/balloons-united.com\/en\/wp-json\/wp\/v2\/product_tag?post=17298"}],"curies":[{"name":"wp","href":"https:\/\/api.w.org\/{rel}","templated":true}]}}