{"id":18603,"date":"2022-07-13T12:02:47","date_gmt":"2022-07-13T11:02:47","guid":{"rendered":"https:\/\/balloons-united.com\/?post_type=product&#038;p=18603"},"modified":"2023-09-30T20:24:04","modified_gmt":"2023-09-30T19:24:04","slug":"kalisan-round-balloon-18inch-46cm-colormix-crystal","status":"publish","type":"product","link":"https:\/\/balloons-united.com\/en\/product\/kalisan-round-balloon-18inch-46cm-colormix-crystal\/","title":{"rendered":"Round balloon 18&#8243; (46cm) Colormix Crystal 25 Pieces | KALISAN"},"content":{"rendered":"","protected":false},"excerpt":{"rendered":"","protected":false},"featured_media":18720,"template":"","meta":[],"product_brand":[627],"product_cat":[373,630,361,355,375],"product_tag":[],"class_list":{"0":"post-18603","1":"product","2":"type-product","3":"status-publish","4":"has-post-thumbnail","6":"product_brand-kalisan","7":"product_cat-balloons","8":"product_cat-kalisan-en","9":"product_cat-medium","10":"product_cat-round-balloon","11":"product_cat-visible","13":"first","14":"outofstock","15":"taxable","16":"shipping-taxable","17":"purchasable","18":"product-type-simple"},"yoast_head":"<!-- This site is optimized with the Yoast SEO plugin v27.1.1 - https:\/\/yoast.com\/product\/yoast-seo-wordpress\/ -->\n<title>KALISAN 25 Round balloons 18&quot; (46cm) Colormix in Crystal Colors<\/title>\n<meta name=\"description\" content=\"KALISAN Rundballon 18&quot; (46cm) Farbmix in Kristallfarben bei BALLOONS UNITED g\u00fcnstig online kaufen. Riesige Auswahl an Luftballons in allen Gr\u00f6\u00dfen, Formen und Farben in unserem Ballon Onlineshop.\" \/>\n<meta name=\"robots\" content=\"index, follow, max-snippet:-1, max-image-preview:large, max-video-preview:-1\" \/>\n<link rel=\"canonical\" href=\"https:\/\/balloons-united.com\/en\/product\/kalisan-round-balloon-18inch-46cm-colormix-crystal\/\" \/>\n<meta property=\"og:locale\" content=\"en_US\" \/>\n<meta property=\"og:type\" content=\"article\" \/>\n<meta property=\"og:title\" content=\"KALISAN 25 Round balloons 18&quot; (46cm) Colormix in Crystal Colors\" \/>\n<meta property=\"og:description\" content=\"KALISAN Rundballon 18&quot; (46cm) Farbmix in Kristallfarben bei BALLOONS UNITED g\u00fcnstig online kaufen. Riesige Auswahl an Luftballons in allen Gr\u00f6\u00dfen, Formen und Farben in unserem Ballon Onlineshop.\" \/>\n<meta property=\"og:url\" content=\"https:\/\/balloons-united.com\/en\/product\/kalisan-round-balloon-18inch-46cm-colormix-crystal\/\" \/>\n<meta property=\"og:site_name\" content=\"Balloons United\" \/>\n<meta property=\"article:modified_time\" content=\"2023-09-30T19:24:04+00:00\" \/>\n<meta property=\"og:image\" content=\"https:\/\/balloons-united.com\/wp-content\/uploads\/perlatex_18inch_kristall_farbmix-scaled.jpg\" \/>\n\t<meta property=\"og:image:width\" content=\"2560\" \/>\n\t<meta property=\"og:image:height\" content=\"2560\" \/>\n\t<meta property=\"og:image:type\" content=\"image\/jpeg\" \/>\n<meta name=\"twitter:card\" content=\"summary_large_image\" \/>\n<script type=\"application\/ld+json\" class=\"yoast-schema-graph\">{\"@context\":\"https:\/\/schema.org\",\"@graph\":[{\"@type\":\"WebPage\",\"@id\":\"https:\/\/balloons-united.com\/en\/product\/kalisan-round-balloon-18inch-46cm-colormix-crystal\/\",\"url\":\"https:\/\/balloons-united.com\/en\/product\/kalisan-round-balloon-18inch-46cm-colormix-crystal\/\",\"name\":\"KALISAN 25 Round balloons 18\\\" (46cm) Colormix in Crystal Colors\",\"isPartOf\":{\"@id\":\"https:\/\/balloons-united.com\/en\/#website\"},\"primaryImageOfPage\":{\"@id\":\"https:\/\/balloons-united.com\/en\/product\/kalisan-round-balloon-18inch-46cm-colormix-crystal\/#primaryimage\"},\"image\":{\"@id\":\"https:\/\/balloons-united.com\/en\/product\/kalisan-round-balloon-18inch-46cm-colormix-crystal\/#primaryimage\"},\"thumbnailUrl\":\"https:\/\/balloons-united.com\/wp-content\/uploads\/perlatex_18inch_kristall_farbmix-scaled.jpg\",\"datePublished\":\"2022-07-13T11:02:47+00:00\",\"dateModified\":\"2023-09-30T19:24:04+00:00\",\"description\":\"KALISAN Rundballon 18\\\" (46cm) Farbmix in Kristallfarben bei BALLOONS UNITED g\u00fcnstig online kaufen. Riesige Auswahl an Luftballons in allen Gr\u00f6\u00dfen, Formen und Farben in unserem Ballon Onlineshop.\",\"breadcrumb\":{\"@id\":\"https:\/\/balloons-united.com\/en\/product\/kalisan-round-balloon-18inch-46cm-colormix-crystal\/#breadcrumb\"},\"inLanguage\":\"en-US\",\"potentialAction\":[{\"@type\":\"ReadAction\",\"target\":[\"https:\/\/balloons-united.com\/en\/product\/kalisan-round-balloon-18inch-46cm-colormix-crystal\/\"]}]},{\"@type\":\"ImageObject\",\"inLanguage\":\"en-US\",\"@id\":\"https:\/\/balloons-united.com\/en\/product\/kalisan-round-balloon-18inch-46cm-colormix-crystal\/#primaryimage\",\"url\":\"https:\/\/balloons-united.com\/wp-content\/uploads\/perlatex_18inch_kristall_farbmix-scaled.jpg\",\"contentUrl\":\"https:\/\/balloons-united.com\/wp-content\/uploads\/perlatex_18inch_kristall_farbmix-scaled.jpg\",\"width\":2560,\"height\":2560},{\"@type\":\"BreadcrumbList\",\"@id\":\"https:\/\/balloons-united.com\/en\/product\/kalisan-round-balloon-18inch-46cm-colormix-crystal\/#breadcrumb\",\"itemListElement\":[{\"@type\":\"ListItem\",\"position\":1,\"name\":\"Home\",\"item\":\"https:\/\/balloons-united.com\/en\/\"},{\"@type\":\"ListItem\",\"position\":2,\"name\":\"Shop\",\"item\":\"https:\/\/balloons-united.com\/shop\/\"},{\"@type\":\"ListItem\",\"position\":3,\"name\":\"Round balloon 18&#8243; (46cm) Colormix Crystal 25 Pieces | KALISAN\"}]},{\"@type\":\"WebSite\",\"@id\":\"https:\/\/balloons-united.com\/en\/#website\",\"url\":\"https:\/\/balloons-united.com\/en\/\",\"name\":\"Balloons United\",\"description\":\"\",\"publisher\":{\"@id\":\"https:\/\/balloons-united.com\/en\/#organization\"},\"potentialAction\":[{\"@type\":\"SearchAction\",\"target\":{\"@type\":\"EntryPoint\",\"urlTemplate\":\"https:\/\/balloons-united.com\/en\/?s={search_term_string}\"},\"query-input\":{\"@type\":\"PropertyValueSpecification\",\"valueRequired\":true,\"valueName\":\"search_term_string\"}}],\"inLanguage\":\"en-US\"},{\"@type\":\"Organization\",\"@id\":\"https:\/\/balloons-united.com\/en\/#organization\",\"name\":\"Balloons United\",\"url\":\"https:\/\/balloons-united.com\/en\/\",\"logo\":{\"@type\":\"ImageObject\",\"inLanguage\":\"en-US\",\"@id\":\"https:\/\/balloons-united.com\/en\/#\/schema\/logo\/image\/\",\"url\":\"https:\/\/balloons-united.com\/wp-content\/uploads\/balloons-united-logo.png\",\"contentUrl\":\"https:\/\/balloons-united.com\/wp-content\/uploads\/balloons-united-logo.png\",\"width\":460,\"height\":134,\"caption\":\"Balloons United\"},\"image\":{\"@id\":\"https:\/\/balloons-united.com\/en\/#\/schema\/logo\/image\/\"}}]}<\/script>\n<!-- \/ Yoast SEO plugin. -->","yoast_head_json":{"title":"KALISAN 25 Round balloons 18\" (46cm) Colormix in Crystal Colors","description":"KALISAN Rundballon 18\" (46cm) Farbmix in Kristallfarben bei BALLOONS UNITED g\u00fcnstig online kaufen. Riesige Auswahl an Luftballons in allen Gr\u00f6\u00dfen, Formen und Farben in unserem Ballon Onlineshop.","robots":{"index":"index","follow":"follow","max-snippet":"max-snippet:-1","max-image-preview":"max-image-preview:large","max-video-preview":"max-video-preview:-1"},"canonical":"https:\/\/balloons-united.com\/en\/product\/kalisan-round-balloon-18inch-46cm-colormix-crystal\/","og_locale":"en_US","og_type":"article","og_title":"KALISAN 25 Round balloons 18\" (46cm) Colormix in Crystal Colors","og_description":"KALISAN Rundballon 18\" (46cm) Farbmix in Kristallfarben bei BALLOONS UNITED g\u00fcnstig online kaufen. Riesige Auswahl an Luftballons in allen Gr\u00f6\u00dfen, Formen und Farben in unserem Ballon Onlineshop.","og_url":"https:\/\/balloons-united.com\/en\/product\/kalisan-round-balloon-18inch-46cm-colormix-crystal\/","og_site_name":"Balloons United","article_modified_time":"2023-09-30T19:24:04+00:00","og_image":[{"width":2560,"height":2560,"url":"https:\/\/balloons-united.com\/wp-content\/uploads\/perlatex_18inch_kristall_farbmix-scaled.jpg","type":"image\/jpeg"}],"twitter_card":"summary_large_image","schema":{"@context":"https:\/\/schema.org","@graph":[{"@type":"WebPage","@id":"https:\/\/balloons-united.com\/en\/product\/kalisan-round-balloon-18inch-46cm-colormix-crystal\/","url":"https:\/\/balloons-united.com\/en\/product\/kalisan-round-balloon-18inch-46cm-colormix-crystal\/","name":"KALISAN 25 Round balloons 18\" (46cm) Colormix in Crystal Colors","isPartOf":{"@id":"https:\/\/balloons-united.com\/en\/#website"},"primaryImageOfPage":{"@id":"https:\/\/balloons-united.com\/en\/product\/kalisan-round-balloon-18inch-46cm-colormix-crystal\/#primaryimage"},"image":{"@id":"https:\/\/balloons-united.com\/en\/product\/kalisan-round-balloon-18inch-46cm-colormix-crystal\/#primaryimage"},"thumbnailUrl":"https:\/\/balloons-united.com\/wp-content\/uploads\/perlatex_18inch_kristall_farbmix-scaled.jpg","datePublished":"2022-07-13T11:02:47+00:00","dateModified":"2023-09-30T19:24:04+00:00","description":"KALISAN Rundballon 18\" (46cm) Farbmix in Kristallfarben bei BALLOONS UNITED g\u00fcnstig online kaufen. Riesige Auswahl an Luftballons in allen Gr\u00f6\u00dfen, Formen und Farben in unserem Ballon Onlineshop.","breadcrumb":{"@id":"https:\/\/balloons-united.com\/en\/product\/kalisan-round-balloon-18inch-46cm-colormix-crystal\/#breadcrumb"},"inLanguage":"en-US","potentialAction":[{"@type":"ReadAction","target":["https:\/\/balloons-united.com\/en\/product\/kalisan-round-balloon-18inch-46cm-colormix-crystal\/"]}]},{"@type":"ImageObject","inLanguage":"en-US","@id":"https:\/\/balloons-united.com\/en\/product\/kalisan-round-balloon-18inch-46cm-colormix-crystal\/#primaryimage","url":"https:\/\/balloons-united.com\/wp-content\/uploads\/perlatex_18inch_kristall_farbmix-scaled.jpg","contentUrl":"https:\/\/balloons-united.com\/wp-content\/uploads\/perlatex_18inch_kristall_farbmix-scaled.jpg","width":2560,"height":2560},{"@type":"BreadcrumbList","@id":"https:\/\/balloons-united.com\/en\/product\/kalisan-round-balloon-18inch-46cm-colormix-crystal\/#breadcrumb","itemListElement":[{"@type":"ListItem","position":1,"name":"Home","item":"https:\/\/balloons-united.com\/en\/"},{"@type":"ListItem","position":2,"name":"Shop","item":"https:\/\/balloons-united.com\/shop\/"},{"@type":"ListItem","position":3,"name":"Round balloon 18&#8243; (46cm) Colormix Crystal 25 Pieces | KALISAN"}]},{"@type":"WebSite","@id":"https:\/\/balloons-united.com\/en\/#website","url":"https:\/\/balloons-united.com\/en\/","name":"Balloons United","description":"","publisher":{"@id":"https:\/\/balloons-united.com\/en\/#organization"},"potentialAction":[{"@type":"SearchAction","target":{"@type":"EntryPoint","urlTemplate":"https:\/\/balloons-united.com\/en\/?s={search_term_string}"},"query-input":{"@type":"PropertyValueSpecification","valueRequired":true,"valueName":"search_term_string"}}],"inLanguage":"en-US"},{"@type":"Organization","@id":"https:\/\/balloons-united.com\/en\/#organization","name":"Balloons United","url":"https:\/\/balloons-united.com\/en\/","logo":{"@type":"ImageObject","inLanguage":"en-US","@id":"https:\/\/balloons-united.com\/en\/#\/schema\/logo\/image\/","url":"https:\/\/balloons-united.com\/wp-content\/uploads\/balloons-united-logo.png","contentUrl":"https:\/\/balloons-united.com\/wp-content\/uploads\/balloons-united-logo.png","width":460,"height":134,"caption":"Balloons United"},"image":{"@id":"https:\/\/balloons-united.com\/en\/#\/schema\/logo\/image\/"}}]}},"_links":{"self":[{"href":"https:\/\/balloons-united.com\/en\/wp-json\/wp\/v2\/product\/18603","targetHints":{"allow":["GET"]}}],"collection":[{"href":"https:\/\/balloons-united.com\/en\/wp-json\/wp\/v2\/product"}],"about":[{"href":"https:\/\/balloons-united.com\/en\/wp-json\/wp\/v2\/types\/product"}],"wp:featuredmedia":[{"embeddable":true,"href":"https:\/\/balloons-united.com\/en\/wp-json\/wp\/v2\/media\/18720"}],"wp:attachment":[{"href":"https:\/\/balloons-united.com\/en\/wp-json\/wp\/v2\/media?parent=18603"}],"wp:term":[{"taxonomy":"product_brand","embeddable":true,"href":"https:\/\/balloons-united.com\/en\/wp-json\/wp\/v2\/product_brand?post=18603"},{"taxonomy":"product_cat","embeddable":true,"href":"https:\/\/balloons-united.com\/en\/wp-json\/wp\/v2\/product_cat?post=18603"},{"taxonomy":"product_tag","embeddable":true,"href":"https:\/\/balloons-united.com\/en\/wp-json\/wp\/v2\/product_tag?post=18603"}],"curies":[{"name":"wp","href":"https:\/\/api.w.org\/{rel}","templated":true}]}}