{"id":9371,"date":"2020-01-01T00:00:00","date_gmt":"2019-12-31T23:00:00","guid":{"rendered":"https:\/\/balloons-united.com\/product\/belbal-rundballon-14inch-38cm-be-happy-be-wonderful-lavendel\/"},"modified":"2026-03-24T20:39:13","modified_gmt":"2026-03-24T19:39:13","slug":"belbal-rundballon-14inch-35cm-be-happy-be-wonderful-lavendel","status":"publish","type":"product","link":"https:\/\/balloons-united.com\/en\/product\/belbal-rundballon-14inch-35cm-be-happy-be-wonderful-lavendel\/","title":{"rendered":"Round Balloon 14&#8243; (35cm) Be Happy Be Wonderful Lavender | BELBAL"},"content":{"rendered":"","protected":false},"excerpt":{"rendered":"<p>Rundballon mit einem Durchmesser von 14&#8243; (35cm) von der Marke BELBAL mit &#8220;Be Happy Be Wonderful&#8221; Motiv.<\/p>\n","protected":false},"featured_media":5687,"template":"","meta":[],"product_brand":[158],"product_cat":[373,364,376,355,360],"product_tag":[],"class_list":{"0":"post-9371","1":"product","2":"type-product","3":"status-publish","4":"has-post-thumbnail","6":"product_brand-belbal","7":"product_cat-balloons","8":"product_cat-belbal-en","9":"product_cat-invisible","10":"product_cat-round-balloon","11":"product_cat-small","13":"first","14":"outofstock","15":"taxable","16":"shipping-taxable","17":"purchasable","18":"product-type-simple"},"yoast_head":"<!-- This site is optimized with the Yoast SEO plugin v27.1.1 - https:\/\/yoast.com\/product\/yoast-seo-wordpress\/ -->\n<title>BELBAL Rundballon 14&quot; (38cm) mit &quot;Be Happy Be Wonderful&quot; Motiv<\/title>\n<meta name=\"description\" content=\"BELBAL Rundballon 14&quot; (38cm) mit &quot;Be Happy Be Wonderful&quot; Motiv bei BALLOONS UNITED g\u00fcnstig online kaufen. Riesige Auswahl an Lufballons in allen Gr\u00f6\u00dfen, Formen und Farben in unserem Ballon Onlineshop.\" \/>\n<meta name=\"robots\" content=\"noindex, nofollow\" \/>\n<meta property=\"og:locale\" content=\"en_US\" \/>\n<meta property=\"og:type\" content=\"article\" \/>\n<meta property=\"og:title\" content=\"BELBAL Rundballon 14&quot; (38cm) mit &quot;Be Happy Be Wonderful&quot; Motiv\" \/>\n<meta property=\"og:description\" content=\"BELBAL Rundballon 14&quot; (38cm) mit &quot;Be Happy Be Wonderful&quot; Motiv bei BALLOONS UNITED g\u00fcnstig online kaufen. Riesige Auswahl an Lufballons in allen Gr\u00f6\u00dfen, Formen und Farben in unserem Ballon Onlineshop.\" \/>\n<meta property=\"og:url\" content=\"https:\/\/balloons-united.com\/en\/product\/belbal-rundballon-14inch-35cm-be-happy-be-wonderful-lavendel\/\" \/>\n<meta property=\"og:site_name\" content=\"Balloons United\" \/>\n<meta property=\"article:modified_time\" content=\"2026-03-24T19:39:13+00:00\" \/>\n<meta property=\"og:image\" content=\"https:\/\/balloons-united.com\/wp-content\/uploads\/balloons-united-standard-lavendel.png\" \/>\n\t<meta property=\"og:image:width\" content=\"800\" \/>\n\t<meta property=\"og:image:height\" content=\"800\" \/>\n\t<meta property=\"og:image:type\" content=\"image\/png\" \/>\n<meta name=\"twitter:card\" content=\"summary_large_image\" \/>\n<script type=\"application\/ld+json\" class=\"yoast-schema-graph\">{\"@context\":\"https:\/\/schema.org\",\"@graph\":[{\"@type\":\"WebPage\",\"@id\":\"https:\/\/balloons-united.com\/en\/product\/belbal-rundballon-14inch-35cm-be-happy-be-wonderful-lavendel\/\",\"url\":\"https:\/\/balloons-united.com\/en\/product\/belbal-rundballon-14inch-35cm-be-happy-be-wonderful-lavendel\/\",\"name\":\"BELBAL Rundballon 14\\\" (38cm) mit \\\"Be Happy Be Wonderful\\\" Motiv\",\"isPartOf\":{\"@id\":\"https:\/\/balloons-united.com\/en\/#website\"},\"primaryImageOfPage\":{\"@id\":\"https:\/\/balloons-united.com\/en\/product\/belbal-rundballon-14inch-35cm-be-happy-be-wonderful-lavendel\/#primaryimage\"},\"image\":{\"@id\":\"https:\/\/balloons-united.com\/en\/product\/belbal-rundballon-14inch-35cm-be-happy-be-wonderful-lavendel\/#primaryimage\"},\"thumbnailUrl\":\"https:\/\/balloons-united.com\/wp-content\/uploads\/balloons-united-standard-lavendel.png\",\"datePublished\":\"2019-12-31T23:00:00+00:00\",\"dateModified\":\"2026-03-24T19:39:13+00:00\",\"description\":\"BELBAL Rundballon 14\\\" (38cm) mit \\\"Be Happy Be Wonderful\\\" Motiv bei BALLOONS UNITED g\u00fcnstig online kaufen. Riesige Auswahl an Lufballons in allen Gr\u00f6\u00dfen, Formen und Farben in unserem Ballon Onlineshop.\",\"breadcrumb\":{\"@id\":\"https:\/\/balloons-united.com\/en\/product\/belbal-rundballon-14inch-35cm-be-happy-be-wonderful-lavendel\/#breadcrumb\"},\"inLanguage\":\"en-US\",\"potentialAction\":[{\"@type\":\"ReadAction\",\"target\":[\"https:\/\/balloons-united.com\/en\/product\/belbal-rundballon-14inch-35cm-be-happy-be-wonderful-lavendel\/\"]}]},{\"@type\":\"ImageObject\",\"inLanguage\":\"en-US\",\"@id\":\"https:\/\/balloons-united.com\/en\/product\/belbal-rundballon-14inch-35cm-be-happy-be-wonderful-lavendel\/#primaryimage\",\"url\":\"https:\/\/balloons-united.com\/wp-content\/uploads\/balloons-united-standard-lavendel.png\",\"contentUrl\":\"https:\/\/balloons-united.com\/wp-content\/uploads\/balloons-united-standard-lavendel.png\",\"width\":800,\"height\":800},{\"@type\":\"BreadcrumbList\",\"@id\":\"https:\/\/balloons-united.com\/en\/product\/belbal-rundballon-14inch-35cm-be-happy-be-wonderful-lavendel\/#breadcrumb\",\"itemListElement\":[{\"@type\":\"ListItem\",\"position\":1,\"name\":\"Home\",\"item\":\"https:\/\/balloons-united.com\/en\/\"},{\"@type\":\"ListItem\",\"position\":2,\"name\":\"Shop\",\"item\":\"https:\/\/balloons-united.com\/shop\/\"},{\"@type\":\"ListItem\",\"position\":3,\"name\":\"Round Balloon 14&#8243; (35cm) Be Happy Be Wonderful Lavender | BELBAL\"}]},{\"@type\":\"WebSite\",\"@id\":\"https:\/\/balloons-united.com\/en\/#website\",\"url\":\"https:\/\/balloons-united.com\/en\/\",\"name\":\"Balloons United\",\"description\":\"\",\"publisher\":{\"@id\":\"https:\/\/balloons-united.com\/en\/#organization\"},\"potentialAction\":[{\"@type\":\"SearchAction\",\"target\":{\"@type\":\"EntryPoint\",\"urlTemplate\":\"https:\/\/balloons-united.com\/en\/?s={search_term_string}\"},\"query-input\":{\"@type\":\"PropertyValueSpecification\",\"valueRequired\":true,\"valueName\":\"search_term_string\"}}],\"inLanguage\":\"en-US\"},{\"@type\":\"Organization\",\"@id\":\"https:\/\/balloons-united.com\/en\/#organization\",\"name\":\"Balloons United\",\"url\":\"https:\/\/balloons-united.com\/en\/\",\"logo\":{\"@type\":\"ImageObject\",\"inLanguage\":\"en-US\",\"@id\":\"https:\/\/balloons-united.com\/en\/#\/schema\/logo\/image\/\",\"url\":\"https:\/\/balloons-united.com\/wp-content\/uploads\/balloons-united-logo.png\",\"contentUrl\":\"https:\/\/balloons-united.com\/wp-content\/uploads\/balloons-united-logo.png\",\"width\":460,\"height\":134,\"caption\":\"Balloons United\"},\"image\":{\"@id\":\"https:\/\/balloons-united.com\/en\/#\/schema\/logo\/image\/\"}}]}<\/script>\n<!-- \/ Yoast SEO plugin. -->","yoast_head_json":{"title":"BELBAL Rundballon 14\" (38cm) mit \"Be Happy Be Wonderful\" Motiv","description":"BELBAL Rundballon 14\" (38cm) mit \"Be Happy Be Wonderful\" Motiv bei BALLOONS UNITED g\u00fcnstig online kaufen. Riesige Auswahl an Lufballons in allen Gr\u00f6\u00dfen, Formen und Farben in unserem Ballon Onlineshop.","robots":{"index":"noindex","follow":"nofollow"},"og_locale":"en_US","og_type":"article","og_title":"BELBAL Rundballon 14\" (38cm) mit \"Be Happy Be Wonderful\" Motiv","og_description":"BELBAL Rundballon 14\" (38cm) mit \"Be Happy Be Wonderful\" Motiv bei BALLOONS UNITED g\u00fcnstig online kaufen. Riesige Auswahl an Lufballons in allen Gr\u00f6\u00dfen, Formen und Farben in unserem Ballon Onlineshop.","og_url":"https:\/\/balloons-united.com\/en\/product\/belbal-rundballon-14inch-35cm-be-happy-be-wonderful-lavendel\/","og_site_name":"Balloons United","article_modified_time":"2026-03-24T19:39:13+00:00","og_image":[{"width":800,"height":800,"url":"https:\/\/balloons-united.com\/wp-content\/uploads\/balloons-united-standard-lavendel.png","type":"image\/png"}],"twitter_card":"summary_large_image","schema":{"@context":"https:\/\/schema.org","@graph":[{"@type":"WebPage","@id":"https:\/\/balloons-united.com\/en\/product\/belbal-rundballon-14inch-35cm-be-happy-be-wonderful-lavendel\/","url":"https:\/\/balloons-united.com\/en\/product\/belbal-rundballon-14inch-35cm-be-happy-be-wonderful-lavendel\/","name":"BELBAL Rundballon 14\" (38cm) mit \"Be Happy Be Wonderful\" Motiv","isPartOf":{"@id":"https:\/\/balloons-united.com\/en\/#website"},"primaryImageOfPage":{"@id":"https:\/\/balloons-united.com\/en\/product\/belbal-rundballon-14inch-35cm-be-happy-be-wonderful-lavendel\/#primaryimage"},"image":{"@id":"https:\/\/balloons-united.com\/en\/product\/belbal-rundballon-14inch-35cm-be-happy-be-wonderful-lavendel\/#primaryimage"},"thumbnailUrl":"https:\/\/balloons-united.com\/wp-content\/uploads\/balloons-united-standard-lavendel.png","datePublished":"2019-12-31T23:00:00+00:00","dateModified":"2026-03-24T19:39:13+00:00","description":"BELBAL Rundballon 14\" (38cm) mit \"Be Happy Be Wonderful\" Motiv bei BALLOONS UNITED g\u00fcnstig online kaufen. Riesige Auswahl an Lufballons in allen Gr\u00f6\u00dfen, Formen und Farben in unserem Ballon Onlineshop.","breadcrumb":{"@id":"https:\/\/balloons-united.com\/en\/product\/belbal-rundballon-14inch-35cm-be-happy-be-wonderful-lavendel\/#breadcrumb"},"inLanguage":"en-US","potentialAction":[{"@type":"ReadAction","target":["https:\/\/balloons-united.com\/en\/product\/belbal-rundballon-14inch-35cm-be-happy-be-wonderful-lavendel\/"]}]},{"@type":"ImageObject","inLanguage":"en-US","@id":"https:\/\/balloons-united.com\/en\/product\/belbal-rundballon-14inch-35cm-be-happy-be-wonderful-lavendel\/#primaryimage","url":"https:\/\/balloons-united.com\/wp-content\/uploads\/balloons-united-standard-lavendel.png","contentUrl":"https:\/\/balloons-united.com\/wp-content\/uploads\/balloons-united-standard-lavendel.png","width":800,"height":800},{"@type":"BreadcrumbList","@id":"https:\/\/balloons-united.com\/en\/product\/belbal-rundballon-14inch-35cm-be-happy-be-wonderful-lavendel\/#breadcrumb","itemListElement":[{"@type":"ListItem","position":1,"name":"Home","item":"https:\/\/balloons-united.com\/en\/"},{"@type":"ListItem","position":2,"name":"Shop","item":"https:\/\/balloons-united.com\/shop\/"},{"@type":"ListItem","position":3,"name":"Round Balloon 14&#8243; (35cm) Be Happy Be Wonderful Lavender | BELBAL"}]},{"@type":"WebSite","@id":"https:\/\/balloons-united.com\/en\/#website","url":"https:\/\/balloons-united.com\/en\/","name":"Balloons United","description":"","publisher":{"@id":"https:\/\/balloons-united.com\/en\/#organization"},"potentialAction":[{"@type":"SearchAction","target":{"@type":"EntryPoint","urlTemplate":"https:\/\/balloons-united.com\/en\/?s={search_term_string}"},"query-input":{"@type":"PropertyValueSpecification","valueRequired":true,"valueName":"search_term_string"}}],"inLanguage":"en-US"},{"@type":"Organization","@id":"https:\/\/balloons-united.com\/en\/#organization","name":"Balloons United","url":"https:\/\/balloons-united.com\/en\/","logo":{"@type":"ImageObject","inLanguage":"en-US","@id":"https:\/\/balloons-united.com\/en\/#\/schema\/logo\/image\/","url":"https:\/\/balloons-united.com\/wp-content\/uploads\/balloons-united-logo.png","contentUrl":"https:\/\/balloons-united.com\/wp-content\/uploads\/balloons-united-logo.png","width":460,"height":134,"caption":"Balloons United"},"image":{"@id":"https:\/\/balloons-united.com\/en\/#\/schema\/logo\/image\/"}}]}},"_links":{"self":[{"href":"https:\/\/balloons-united.com\/en\/wp-json\/wp\/v2\/product\/9371","targetHints":{"allow":["GET"]}}],"collection":[{"href":"https:\/\/balloons-united.com\/en\/wp-json\/wp\/v2\/product"}],"about":[{"href":"https:\/\/balloons-united.com\/en\/wp-json\/wp\/v2\/types\/product"}],"wp:featuredmedia":[{"embeddable":true,"href":"https:\/\/balloons-united.com\/en\/wp-json\/wp\/v2\/media\/5687"}],"wp:attachment":[{"href":"https:\/\/balloons-united.com\/en\/wp-json\/wp\/v2\/media?parent=9371"}],"wp:term":[{"taxonomy":"product_brand","embeddable":true,"href":"https:\/\/balloons-united.com\/en\/wp-json\/wp\/v2\/product_brand?post=9371"},{"taxonomy":"product_cat","embeddable":true,"href":"https:\/\/balloons-united.com\/en\/wp-json\/wp\/v2\/product_cat?post=9371"},{"taxonomy":"product_tag","embeddable":true,"href":"https:\/\/balloons-united.com\/en\/wp-json\/wp\/v2\/product_tag?post=9371"}],"curies":[{"name":"wp","href":"https:\/\/api.w.org\/{rel}","templated":true}]}}