{"id":9568,"date":"2020-01-01T00:00:00","date_gmt":"2019-12-31T23:00:00","guid":{"rendered":"https:\/\/balloons-united.com\/product\/bws-riesen-figurenballon-48inch-120cm-omniloon-standard-violett\/"},"modified":"2026-03-16T05:50:51","modified_gmt":"2026-03-16T04:50:51","slug":"bws-riesen-figurenballon-48inch-120cm-omniloon-standard-violett","status":"publish","type":"product","link":"https:\/\/balloons-united.com\/en\/product\/bws-riesen-figurenballon-48inch-120cm-omniloon-standard-violett\/","title":{"rendered":"Giant Figure Balloon 48&#8243; (120cm) Omniloon Standard Purple | BWS"},"content":{"rendered":"","protected":false},"excerpt":{"rendered":"<p>Riesen-Figurenballon mit einer L\u00e4nge von 48&#8243; (120cm) mit der Form Omniloon von der Marke BWS in Standardfarben.<\/p>\n","protected":false},"featured_media":5705,"template":"","meta":[],"product_brand":[162],"product_cat":[373,359,365,376,356],"product_tag":[],"class_list":{"0":"post-9568","1":"product","2":"type-product","3":"status-publish","4":"has-post-thumbnail","6":"product_brand-bws","7":"product_cat-balloons","8":"product_cat-big","9":"product_cat-bws-en","10":"product_cat-invisible","11":"product_cat-special-form","13":"first","14":"outofstock","15":"taxable","16":"shipping-taxable","17":"purchasable","18":"product-type-simple"},"yoast_head":"<!-- This site is optimized with the Yoast SEO plugin v27.1.1 - https:\/\/yoast.com\/product\/yoast-seo-wordpress\/ -->\n<title>BWS Riesen-Figurenballon 48&quot; (120cm) Omniloon in Standardfarben<\/title>\n<meta name=\"description\" content=\"BWS Riesen-Figurenballon 48&quot; (120cm) Omniloon in Standardfarben bei BALLOONS UNITED g\u00fcnstig online kaufen. Riesige Auswahl an Lufballons in allen Gr\u00f6\u00dfen, Formen und Farben in unserem Ballon Onlineshop.\" \/>\n<meta name=\"robots\" content=\"noindex, nofollow\" \/>\n<meta property=\"og:locale\" content=\"en_US\" \/>\n<meta property=\"og:type\" content=\"article\" \/>\n<meta property=\"og:title\" content=\"BWS Riesen-Figurenballon 48&quot; (120cm) Omniloon in Standardfarben\" \/>\n<meta property=\"og:description\" content=\"BWS Riesen-Figurenballon 48&quot; (120cm) Omniloon in Standardfarben bei BALLOONS UNITED g\u00fcnstig online kaufen. Riesige Auswahl an Lufballons in allen Gr\u00f6\u00dfen, Formen und Farben in unserem Ballon Onlineshop.\" \/>\n<meta property=\"og:url\" content=\"https:\/\/balloons-united.com\/en\/product\/bws-riesen-figurenballon-48inch-120cm-omniloon-standard-violett\/\" \/>\n<meta property=\"og:site_name\" content=\"Balloons United\" \/>\n<meta property=\"article:modified_time\" content=\"2026-03-16T04:50:51+00:00\" \/>\n<meta property=\"og:image\" content=\"https:\/\/balloons-united.com\/wp-content\/uploads\/balloons-united-standard-violett.png\" \/>\n\t<meta property=\"og:image:width\" content=\"800\" \/>\n\t<meta property=\"og:image:height\" content=\"800\" \/>\n\t<meta property=\"og:image:type\" content=\"image\/png\" \/>\n<meta name=\"twitter:card\" content=\"summary_large_image\" \/>\n<script type=\"application\/ld+json\" class=\"yoast-schema-graph\">{\"@context\":\"https:\/\/schema.org\",\"@graph\":[{\"@type\":\"WebPage\",\"@id\":\"https:\/\/balloons-united.com\/en\/product\/bws-riesen-figurenballon-48inch-120cm-omniloon-standard-violett\/\",\"url\":\"https:\/\/balloons-united.com\/en\/product\/bws-riesen-figurenballon-48inch-120cm-omniloon-standard-violett\/\",\"name\":\"BWS Riesen-Figurenballon 48\\\" (120cm) Omniloon in Standardfarben\",\"isPartOf\":{\"@id\":\"https:\/\/balloons-united.com\/en\/#website\"},\"primaryImageOfPage\":{\"@id\":\"https:\/\/balloons-united.com\/en\/product\/bws-riesen-figurenballon-48inch-120cm-omniloon-standard-violett\/#primaryimage\"},\"image\":{\"@id\":\"https:\/\/balloons-united.com\/en\/product\/bws-riesen-figurenballon-48inch-120cm-omniloon-standard-violett\/#primaryimage\"},\"thumbnailUrl\":\"https:\/\/balloons-united.com\/wp-content\/uploads\/balloons-united-standard-violett.png\",\"datePublished\":\"2019-12-31T23:00:00+00:00\",\"dateModified\":\"2026-03-16T04:50:51+00:00\",\"description\":\"BWS Riesen-Figurenballon 48\\\" (120cm) Omniloon in Standardfarben bei BALLOONS UNITED g\u00fcnstig online kaufen. Riesige Auswahl an Lufballons in allen Gr\u00f6\u00dfen, Formen und Farben in unserem Ballon Onlineshop.\",\"breadcrumb\":{\"@id\":\"https:\/\/balloons-united.com\/en\/product\/bws-riesen-figurenballon-48inch-120cm-omniloon-standard-violett\/#breadcrumb\"},\"inLanguage\":\"en-US\",\"potentialAction\":[{\"@type\":\"ReadAction\",\"target\":[\"https:\/\/balloons-united.com\/en\/product\/bws-riesen-figurenballon-48inch-120cm-omniloon-standard-violett\/\"]}]},{\"@type\":\"ImageObject\",\"inLanguage\":\"en-US\",\"@id\":\"https:\/\/balloons-united.com\/en\/product\/bws-riesen-figurenballon-48inch-120cm-omniloon-standard-violett\/#primaryimage\",\"url\":\"https:\/\/balloons-united.com\/wp-content\/uploads\/balloons-united-standard-violett.png\",\"contentUrl\":\"https:\/\/balloons-united.com\/wp-content\/uploads\/balloons-united-standard-violett.png\",\"width\":800,\"height\":800},{\"@type\":\"BreadcrumbList\",\"@id\":\"https:\/\/balloons-united.com\/en\/product\/bws-riesen-figurenballon-48inch-120cm-omniloon-standard-violett\/#breadcrumb\",\"itemListElement\":[{\"@type\":\"ListItem\",\"position\":1,\"name\":\"Home\",\"item\":\"https:\/\/balloons-united.com\/en\/\"},{\"@type\":\"ListItem\",\"position\":2,\"name\":\"Shop\",\"item\":\"https:\/\/balloons-united.com\/shop\/\"},{\"@type\":\"ListItem\",\"position\":3,\"name\":\"Giant Figure Balloon 48&#8243; (120cm) Omniloon Standard Purple | BWS\"}]},{\"@type\":\"WebSite\",\"@id\":\"https:\/\/balloons-united.com\/en\/#website\",\"url\":\"https:\/\/balloons-united.com\/en\/\",\"name\":\"Balloons United\",\"description\":\"\",\"publisher\":{\"@id\":\"https:\/\/balloons-united.com\/en\/#organization\"},\"potentialAction\":[{\"@type\":\"SearchAction\",\"target\":{\"@type\":\"EntryPoint\",\"urlTemplate\":\"https:\/\/balloons-united.com\/en\/?s={search_term_string}\"},\"query-input\":{\"@type\":\"PropertyValueSpecification\",\"valueRequired\":true,\"valueName\":\"search_term_string\"}}],\"inLanguage\":\"en-US\"},{\"@type\":\"Organization\",\"@id\":\"https:\/\/balloons-united.com\/en\/#organization\",\"name\":\"Balloons United\",\"url\":\"https:\/\/balloons-united.com\/en\/\",\"logo\":{\"@type\":\"ImageObject\",\"inLanguage\":\"en-US\",\"@id\":\"https:\/\/balloons-united.com\/en\/#\/schema\/logo\/image\/\",\"url\":\"https:\/\/balloons-united.com\/wp-content\/uploads\/balloons-united-logo.png\",\"contentUrl\":\"https:\/\/balloons-united.com\/wp-content\/uploads\/balloons-united-logo.png\",\"width\":460,\"height\":134,\"caption\":\"Balloons United\"},\"image\":{\"@id\":\"https:\/\/balloons-united.com\/en\/#\/schema\/logo\/image\/\"}}]}<\/script>\n<!-- \/ Yoast SEO plugin. -->","yoast_head_json":{"title":"BWS Riesen-Figurenballon 48\" (120cm) Omniloon in Standardfarben","description":"BWS Riesen-Figurenballon 48\" (120cm) Omniloon in Standardfarben bei BALLOONS UNITED g\u00fcnstig online kaufen. Riesige Auswahl an Lufballons in allen Gr\u00f6\u00dfen, Formen und Farben in unserem Ballon Onlineshop.","robots":{"index":"noindex","follow":"nofollow"},"og_locale":"en_US","og_type":"article","og_title":"BWS Riesen-Figurenballon 48\" (120cm) Omniloon in Standardfarben","og_description":"BWS Riesen-Figurenballon 48\" (120cm) Omniloon in Standardfarben bei BALLOONS UNITED g\u00fcnstig online kaufen. Riesige Auswahl an Lufballons in allen Gr\u00f6\u00dfen, Formen und Farben in unserem Ballon Onlineshop.","og_url":"https:\/\/balloons-united.com\/en\/product\/bws-riesen-figurenballon-48inch-120cm-omniloon-standard-violett\/","og_site_name":"Balloons United","article_modified_time":"2026-03-16T04:50:51+00:00","og_image":[{"width":800,"height":800,"url":"https:\/\/balloons-united.com\/wp-content\/uploads\/balloons-united-standard-violett.png","type":"image\/png"}],"twitter_card":"summary_large_image","schema":{"@context":"https:\/\/schema.org","@graph":[{"@type":"WebPage","@id":"https:\/\/balloons-united.com\/en\/product\/bws-riesen-figurenballon-48inch-120cm-omniloon-standard-violett\/","url":"https:\/\/balloons-united.com\/en\/product\/bws-riesen-figurenballon-48inch-120cm-omniloon-standard-violett\/","name":"BWS Riesen-Figurenballon 48\" (120cm) Omniloon in Standardfarben","isPartOf":{"@id":"https:\/\/balloons-united.com\/en\/#website"},"primaryImageOfPage":{"@id":"https:\/\/balloons-united.com\/en\/product\/bws-riesen-figurenballon-48inch-120cm-omniloon-standard-violett\/#primaryimage"},"image":{"@id":"https:\/\/balloons-united.com\/en\/product\/bws-riesen-figurenballon-48inch-120cm-omniloon-standard-violett\/#primaryimage"},"thumbnailUrl":"https:\/\/balloons-united.com\/wp-content\/uploads\/balloons-united-standard-violett.png","datePublished":"2019-12-31T23:00:00+00:00","dateModified":"2026-03-16T04:50:51+00:00","description":"BWS Riesen-Figurenballon 48\" (120cm) Omniloon in Standardfarben bei BALLOONS UNITED g\u00fcnstig online kaufen. Riesige Auswahl an Lufballons in allen Gr\u00f6\u00dfen, Formen und Farben in unserem Ballon Onlineshop.","breadcrumb":{"@id":"https:\/\/balloons-united.com\/en\/product\/bws-riesen-figurenballon-48inch-120cm-omniloon-standard-violett\/#breadcrumb"},"inLanguage":"en-US","potentialAction":[{"@type":"ReadAction","target":["https:\/\/balloons-united.com\/en\/product\/bws-riesen-figurenballon-48inch-120cm-omniloon-standard-violett\/"]}]},{"@type":"ImageObject","inLanguage":"en-US","@id":"https:\/\/balloons-united.com\/en\/product\/bws-riesen-figurenballon-48inch-120cm-omniloon-standard-violett\/#primaryimage","url":"https:\/\/balloons-united.com\/wp-content\/uploads\/balloons-united-standard-violett.png","contentUrl":"https:\/\/balloons-united.com\/wp-content\/uploads\/balloons-united-standard-violett.png","width":800,"height":800},{"@type":"BreadcrumbList","@id":"https:\/\/balloons-united.com\/en\/product\/bws-riesen-figurenballon-48inch-120cm-omniloon-standard-violett\/#breadcrumb","itemListElement":[{"@type":"ListItem","position":1,"name":"Home","item":"https:\/\/balloons-united.com\/en\/"},{"@type":"ListItem","position":2,"name":"Shop","item":"https:\/\/balloons-united.com\/shop\/"},{"@type":"ListItem","position":3,"name":"Giant Figure Balloon 48&#8243; (120cm) Omniloon Standard Purple | BWS"}]},{"@type":"WebSite","@id":"https:\/\/balloons-united.com\/en\/#website","url":"https:\/\/balloons-united.com\/en\/","name":"Balloons United","description":"","publisher":{"@id":"https:\/\/balloons-united.com\/en\/#organization"},"potentialAction":[{"@type":"SearchAction","target":{"@type":"EntryPoint","urlTemplate":"https:\/\/balloons-united.com\/en\/?s={search_term_string}"},"query-input":{"@type":"PropertyValueSpecification","valueRequired":true,"valueName":"search_term_string"}}],"inLanguage":"en-US"},{"@type":"Organization","@id":"https:\/\/balloons-united.com\/en\/#organization","name":"Balloons United","url":"https:\/\/balloons-united.com\/en\/","logo":{"@type":"ImageObject","inLanguage":"en-US","@id":"https:\/\/balloons-united.com\/en\/#\/schema\/logo\/image\/","url":"https:\/\/balloons-united.com\/wp-content\/uploads\/balloons-united-logo.png","contentUrl":"https:\/\/balloons-united.com\/wp-content\/uploads\/balloons-united-logo.png","width":460,"height":134,"caption":"Balloons United"},"image":{"@id":"https:\/\/balloons-united.com\/en\/#\/schema\/logo\/image\/"}}]}},"_links":{"self":[{"href":"https:\/\/balloons-united.com\/en\/wp-json\/wp\/v2\/product\/9568","targetHints":{"allow":["GET"]}}],"collection":[{"href":"https:\/\/balloons-united.com\/en\/wp-json\/wp\/v2\/product"}],"about":[{"href":"https:\/\/balloons-united.com\/en\/wp-json\/wp\/v2\/types\/product"}],"wp:featuredmedia":[{"embeddable":true,"href":"https:\/\/balloons-united.com\/en\/wp-json\/wp\/v2\/media\/5705"}],"wp:attachment":[{"href":"https:\/\/balloons-united.com\/en\/wp-json\/wp\/v2\/media?parent=9568"}],"wp:term":[{"taxonomy":"product_brand","embeddable":true,"href":"https:\/\/balloons-united.com\/en\/wp-json\/wp\/v2\/product_brand?post=9568"},{"taxonomy":"product_cat","embeddable":true,"href":"https:\/\/balloons-united.com\/en\/wp-json\/wp\/v2\/product_cat?post=9568"},{"taxonomy":"product_tag","embeddable":true,"href":"https:\/\/balloons-united.com\/en\/wp-json\/wp\/v2\/product_tag?post=9568"}],"curies":[{"name":"wp","href":"https:\/\/api.w.org\/{rel}","templated":true}]}}