{"id":9781,"date":"2020-01-01T00:00:00","date_gmt":"2019-12-31T23:00:00","guid":{"rendered":"https:\/\/balloons-united.com\/product\/cattex-riesen-figurenballon-59inch-150cm-elefant-standard\/"},"modified":"2025-10-21T12:48:14","modified_gmt":"2025-10-21T11:48:14","slug":"cattex-riesen-figurenballon-59inch-150cm-elefant-standard","status":"publish","type":"product","link":"https:\/\/balloons-united.com\/en\/product\/cattex-riesen-figurenballon-59inch-150cm-elefant-standard\/","title":{"rendered":"Riesen-Figurenballon 59&#8243; (150cm) Elefant Standard | CATTEX"},"content":{"rendered":"","protected":false},"excerpt":{"rendered":"<p>Riesen-Figurenballon mit einer Gr\u00f6\u00dfe von 59&#8243; (150cm) mit der Form Elefant von der Marke CATTEX in Standardfarben.<\/p>\n","protected":false},"featured_media":5849,"template":"","meta":[],"product_brand":[159],"product_cat":[373,366,352,362,375],"product_tag":[],"class_list":{"0":"post-9781","1":"product","2":"type-product","3":"status-publish","4":"has-post-thumbnail","6":"product_brand-cattex","7":"product_cat-balloons","8":"product_cat-cattex-en","9":"product_cat-figure-balloon","10":"product_cat-giant","11":"product_cat-visible","13":"first","14":"instock","15":"taxable","16":"shipping-taxable","17":"product-type-grouped"},"yoast_head":"<!-- This site is optimized with the Yoast SEO plugin v27.1.1 - https:\/\/yoast.com\/product\/yoast-seo-wordpress\/ -->\n<title>Buy the CATTEX Giant Figure Balloon 59&quot; (150cm) Elephant in standard colors online at BALLOONS UNITED. You can find the biggest selection of balloons in all sizes, shapes and colors in our balloon online shop.<\/title>\n<meta name=\"description\" content=\"CATTEX Riesen-Figurenballon 59&quot; (150cm) Elefant in Standardfarben bei BALLOONS UNITED g\u00fcnstig online kaufen. Riesige Auswahl an Lufballons in allen Gr\u00f6\u00dfen, Formen und Farben in unserem Ballon Onlineshop.\" \/>\n<meta name=\"robots\" content=\"index, follow, max-snippet:-1, max-image-preview:large, max-video-preview:-1\" \/>\n<link rel=\"canonical\" href=\"https:\/\/balloons-united.com\/en\/product\/cattex-riesen-figurenballon-59inch-150cm-elefant-standard\/\" \/>\n<meta property=\"og:locale\" content=\"en_US\" \/>\n<meta property=\"og:type\" content=\"article\" \/>\n<meta property=\"og:title\" content=\"Buy the CATTEX Giant Figure Balloon 59&quot; (150cm) Elephant in standard colors online at BALLOONS UNITED. You can find the biggest selection of balloons in all sizes, shapes and colors in our balloon online shop.\" \/>\n<meta property=\"og:description\" content=\"CATTEX Riesen-Figurenballon 59&quot; (150cm) Elefant in Standardfarben bei BALLOONS UNITED g\u00fcnstig online kaufen. Riesige Auswahl an Lufballons in allen Gr\u00f6\u00dfen, Formen und Farben in unserem Ballon Onlineshop.\" \/>\n<meta property=\"og:url\" content=\"https:\/\/balloons-united.com\/en\/product\/cattex-riesen-figurenballon-59inch-150cm-elefant-standard\/\" \/>\n<meta property=\"og:site_name\" content=\"Balloons United\" \/>\n<meta property=\"article:modified_time\" content=\"2025-10-21T11:48:14+00:00\" \/>\n<meta property=\"og:image\" content=\"https:\/\/balloons-united.com\/wp-content\/uploads\/balloons-united-cattex-giant-figure-balloon-59inch-150cm-elephant-standard-model.jpg\" \/>\n\t<meta property=\"og:image:width\" content=\"1080\" \/>\n\t<meta property=\"og:image:height\" content=\"1080\" \/>\n\t<meta property=\"og:image:type\" content=\"image\/jpeg\" \/>\n<meta name=\"twitter:card\" content=\"summary_large_image\" \/>\n<script type=\"application\/ld+json\" class=\"yoast-schema-graph\">{\"@context\":\"https:\/\/schema.org\",\"@graph\":[{\"@type\":\"WebPage\",\"@id\":\"https:\/\/balloons-united.com\/en\/product\/cattex-riesen-figurenballon-59inch-150cm-elefant-standard\/\",\"url\":\"https:\/\/balloons-united.com\/en\/product\/cattex-riesen-figurenballon-59inch-150cm-elefant-standard\/\",\"name\":\"Buy the CATTEX Giant Figure Balloon 59\\\" (150cm) Elephant in standard colors online at BALLOONS UNITED. You can find the biggest selection of balloons in all sizes, shapes and colors in our balloon online shop.\",\"isPartOf\":{\"@id\":\"https:\/\/balloons-united.com\/en\/#website\"},\"primaryImageOfPage\":{\"@id\":\"https:\/\/balloons-united.com\/en\/product\/cattex-riesen-figurenballon-59inch-150cm-elefant-standard\/#primaryimage\"},\"image\":{\"@id\":\"https:\/\/balloons-united.com\/en\/product\/cattex-riesen-figurenballon-59inch-150cm-elefant-standard\/#primaryimage\"},\"thumbnailUrl\":\"https:\/\/balloons-united.com\/wp-content\/uploads\/balloons-united-cattex-giant-figure-balloon-59inch-150cm-elephant-standard-model.jpg\",\"datePublished\":\"2019-12-31T23:00:00+00:00\",\"dateModified\":\"2025-10-21T11:48:14+00:00\",\"description\":\"CATTEX Riesen-Figurenballon 59\\\" (150cm) Elefant in Standardfarben bei BALLOONS UNITED g\u00fcnstig online kaufen. Riesige Auswahl an Lufballons in allen Gr\u00f6\u00dfen, Formen und Farben in unserem Ballon Onlineshop.\",\"breadcrumb\":{\"@id\":\"https:\/\/balloons-united.com\/en\/product\/cattex-riesen-figurenballon-59inch-150cm-elefant-standard\/#breadcrumb\"},\"inLanguage\":\"en-US\",\"potentialAction\":[{\"@type\":\"ReadAction\",\"target\":[\"https:\/\/balloons-united.com\/en\/product\/cattex-riesen-figurenballon-59inch-150cm-elefant-standard\/\"]}]},{\"@type\":\"ImageObject\",\"inLanguage\":\"en-US\",\"@id\":\"https:\/\/balloons-united.com\/en\/product\/cattex-riesen-figurenballon-59inch-150cm-elefant-standard\/#primaryimage\",\"url\":\"https:\/\/balloons-united.com\/wp-content\/uploads\/balloons-united-cattex-giant-figure-balloon-59inch-150cm-elephant-standard-model.jpg\",\"contentUrl\":\"https:\/\/balloons-united.com\/wp-content\/uploads\/balloons-united-cattex-giant-figure-balloon-59inch-150cm-elephant-standard-model.jpg\",\"width\":1080,\"height\":1080,\"caption\":\"BALLOONS UNITED - CATTEX Giant Figure Balloon 59\\\" (150cm) Elephant Standard\"},{\"@type\":\"BreadcrumbList\",\"@id\":\"https:\/\/balloons-united.com\/en\/product\/cattex-riesen-figurenballon-59inch-150cm-elefant-standard\/#breadcrumb\",\"itemListElement\":[{\"@type\":\"ListItem\",\"position\":1,\"name\":\"Home\",\"item\":\"https:\/\/balloons-united.com\/en\/\"},{\"@type\":\"ListItem\",\"position\":2,\"name\":\"Shop\",\"item\":\"https:\/\/balloons-united.com\/shop\/\"},{\"@type\":\"ListItem\",\"position\":3,\"name\":\"Riesen-Figurenballon 59&#8243; (150cm) Elefant Standard | CATTEX\"}]},{\"@type\":\"WebSite\",\"@id\":\"https:\/\/balloons-united.com\/en\/#website\",\"url\":\"https:\/\/balloons-united.com\/en\/\",\"name\":\"Balloons United\",\"description\":\"\",\"publisher\":{\"@id\":\"https:\/\/balloons-united.com\/en\/#organization\"},\"potentialAction\":[{\"@type\":\"SearchAction\",\"target\":{\"@type\":\"EntryPoint\",\"urlTemplate\":\"https:\/\/balloons-united.com\/en\/?s={search_term_string}\"},\"query-input\":{\"@type\":\"PropertyValueSpecification\",\"valueRequired\":true,\"valueName\":\"search_term_string\"}}],\"inLanguage\":\"en-US\"},{\"@type\":\"Organization\",\"@id\":\"https:\/\/balloons-united.com\/en\/#organization\",\"name\":\"Balloons United\",\"url\":\"https:\/\/balloons-united.com\/en\/\",\"logo\":{\"@type\":\"ImageObject\",\"inLanguage\":\"en-US\",\"@id\":\"https:\/\/balloons-united.com\/en\/#\/schema\/logo\/image\/\",\"url\":\"https:\/\/balloons-united.com\/wp-content\/uploads\/balloons-united-logo.png\",\"contentUrl\":\"https:\/\/balloons-united.com\/wp-content\/uploads\/balloons-united-logo.png\",\"width\":460,\"height\":134,\"caption\":\"Balloons United\"},\"image\":{\"@id\":\"https:\/\/balloons-united.com\/en\/#\/schema\/logo\/image\/\"}}]}<\/script>\n<!-- \/ Yoast SEO plugin. -->","yoast_head_json":{"title":"Buy the CATTEX Giant Figure Balloon 59\" (150cm) Elephant in standard colors online at BALLOONS UNITED. You can find the biggest selection of balloons in all sizes, shapes and colors in our balloon online shop.","description":"CATTEX Riesen-Figurenballon 59\" (150cm) Elefant in Standardfarben bei BALLOONS UNITED g\u00fcnstig online kaufen. Riesige Auswahl an Lufballons in allen Gr\u00f6\u00dfen, Formen und Farben in unserem Ballon Onlineshop.","robots":{"index":"index","follow":"follow","max-snippet":"max-snippet:-1","max-image-preview":"max-image-preview:large","max-video-preview":"max-video-preview:-1"},"canonical":"https:\/\/balloons-united.com\/en\/product\/cattex-riesen-figurenballon-59inch-150cm-elefant-standard\/","og_locale":"en_US","og_type":"article","og_title":"Buy the CATTEX Giant Figure Balloon 59\" (150cm) Elephant in standard colors online at BALLOONS UNITED. You can find the biggest selection of balloons in all sizes, shapes and colors in our balloon online shop.","og_description":"CATTEX Riesen-Figurenballon 59\" (150cm) Elefant in Standardfarben bei BALLOONS UNITED g\u00fcnstig online kaufen. Riesige Auswahl an Lufballons in allen Gr\u00f6\u00dfen, Formen und Farben in unserem Ballon Onlineshop.","og_url":"https:\/\/balloons-united.com\/en\/product\/cattex-riesen-figurenballon-59inch-150cm-elefant-standard\/","og_site_name":"Balloons United","article_modified_time":"2025-10-21T11:48:14+00:00","og_image":[{"width":1080,"height":1080,"url":"https:\/\/balloons-united.com\/wp-content\/uploads\/balloons-united-cattex-giant-figure-balloon-59inch-150cm-elephant-standard-model.jpg","type":"image\/jpeg"}],"twitter_card":"summary_large_image","schema":{"@context":"https:\/\/schema.org","@graph":[{"@type":"WebPage","@id":"https:\/\/balloons-united.com\/en\/product\/cattex-riesen-figurenballon-59inch-150cm-elefant-standard\/","url":"https:\/\/balloons-united.com\/en\/product\/cattex-riesen-figurenballon-59inch-150cm-elefant-standard\/","name":"Buy the CATTEX Giant Figure Balloon 59\" (150cm) Elephant in standard colors online at BALLOONS UNITED. You can find the biggest selection of balloons in all sizes, shapes and colors in our balloon online shop.","isPartOf":{"@id":"https:\/\/balloons-united.com\/en\/#website"},"primaryImageOfPage":{"@id":"https:\/\/balloons-united.com\/en\/product\/cattex-riesen-figurenballon-59inch-150cm-elefant-standard\/#primaryimage"},"image":{"@id":"https:\/\/balloons-united.com\/en\/product\/cattex-riesen-figurenballon-59inch-150cm-elefant-standard\/#primaryimage"},"thumbnailUrl":"https:\/\/balloons-united.com\/wp-content\/uploads\/balloons-united-cattex-giant-figure-balloon-59inch-150cm-elephant-standard-model.jpg","datePublished":"2019-12-31T23:00:00+00:00","dateModified":"2025-10-21T11:48:14+00:00","description":"CATTEX Riesen-Figurenballon 59\" (150cm) Elefant in Standardfarben bei BALLOONS UNITED g\u00fcnstig online kaufen. Riesige Auswahl an Lufballons in allen Gr\u00f6\u00dfen, Formen und Farben in unserem Ballon Onlineshop.","breadcrumb":{"@id":"https:\/\/balloons-united.com\/en\/product\/cattex-riesen-figurenballon-59inch-150cm-elefant-standard\/#breadcrumb"},"inLanguage":"en-US","potentialAction":[{"@type":"ReadAction","target":["https:\/\/balloons-united.com\/en\/product\/cattex-riesen-figurenballon-59inch-150cm-elefant-standard\/"]}]},{"@type":"ImageObject","inLanguage":"en-US","@id":"https:\/\/balloons-united.com\/en\/product\/cattex-riesen-figurenballon-59inch-150cm-elefant-standard\/#primaryimage","url":"https:\/\/balloons-united.com\/wp-content\/uploads\/balloons-united-cattex-giant-figure-balloon-59inch-150cm-elephant-standard-model.jpg","contentUrl":"https:\/\/balloons-united.com\/wp-content\/uploads\/balloons-united-cattex-giant-figure-balloon-59inch-150cm-elephant-standard-model.jpg","width":1080,"height":1080,"caption":"BALLOONS UNITED - CATTEX Giant Figure Balloon 59\" (150cm) Elephant Standard"},{"@type":"BreadcrumbList","@id":"https:\/\/balloons-united.com\/en\/product\/cattex-riesen-figurenballon-59inch-150cm-elefant-standard\/#breadcrumb","itemListElement":[{"@type":"ListItem","position":1,"name":"Home","item":"https:\/\/balloons-united.com\/en\/"},{"@type":"ListItem","position":2,"name":"Shop","item":"https:\/\/balloons-united.com\/shop\/"},{"@type":"ListItem","position":3,"name":"Riesen-Figurenballon 59&#8243; (150cm) Elefant Standard | CATTEX"}]},{"@type":"WebSite","@id":"https:\/\/balloons-united.com\/en\/#website","url":"https:\/\/balloons-united.com\/en\/","name":"Balloons United","description":"","publisher":{"@id":"https:\/\/balloons-united.com\/en\/#organization"},"potentialAction":[{"@type":"SearchAction","target":{"@type":"EntryPoint","urlTemplate":"https:\/\/balloons-united.com\/en\/?s={search_term_string}"},"query-input":{"@type":"PropertyValueSpecification","valueRequired":true,"valueName":"search_term_string"}}],"inLanguage":"en-US"},{"@type":"Organization","@id":"https:\/\/balloons-united.com\/en\/#organization","name":"Balloons United","url":"https:\/\/balloons-united.com\/en\/","logo":{"@type":"ImageObject","inLanguage":"en-US","@id":"https:\/\/balloons-united.com\/en\/#\/schema\/logo\/image\/","url":"https:\/\/balloons-united.com\/wp-content\/uploads\/balloons-united-logo.png","contentUrl":"https:\/\/balloons-united.com\/wp-content\/uploads\/balloons-united-logo.png","width":460,"height":134,"caption":"Balloons United"},"image":{"@id":"https:\/\/balloons-united.com\/en\/#\/schema\/logo\/image\/"}}]}},"_links":{"self":[{"href":"https:\/\/balloons-united.com\/en\/wp-json\/wp\/v2\/product\/9781","targetHints":{"allow":["GET"]}}],"collection":[{"href":"https:\/\/balloons-united.com\/en\/wp-json\/wp\/v2\/product"}],"about":[{"href":"https:\/\/balloons-united.com\/en\/wp-json\/wp\/v2\/types\/product"}],"wp:featuredmedia":[{"embeddable":true,"href":"https:\/\/balloons-united.com\/en\/wp-json\/wp\/v2\/media\/5849"}],"wp:attachment":[{"href":"https:\/\/balloons-united.com\/en\/wp-json\/wp\/v2\/media?parent=9781"}],"wp:term":[{"taxonomy":"product_brand","embeddable":true,"href":"https:\/\/balloons-united.com\/en\/wp-json\/wp\/v2\/product_brand?post=9781"},{"taxonomy":"product_cat","embeddable":true,"href":"https:\/\/balloons-united.com\/en\/wp-json\/wp\/v2\/product_cat?post=9781"},{"taxonomy":"product_tag","embeddable":true,"href":"https:\/\/balloons-united.com\/en\/wp-json\/wp\/v2\/product_tag?post=9781"}],"curies":[{"name":"wp","href":"https:\/\/api.w.org\/{rel}","templated":true}]}}