{"id":9978,"date":"2020-01-01T00:00:00","date_gmt":"2019-12-31T23:00:00","guid":{"rendered":"https:\/\/balloons-united.com\/product\/tuftex-rundballon-24inch-60cm-standard\/"},"modified":"2025-10-21T13:53:15","modified_gmt":"2025-10-21T12:53:15","slug":"tuftex-rundballon-24inch-60cm-standard","status":"publish","type":"product","link":"https:\/\/balloons-united.com\/en\/product\/tuftex-rundballon-24inch-60cm-standard\/","title":{"rendered":"Rundballon 24&#8243; (60cm) Standard | TUFTEX"},"content":{"rendered":"","protected":false},"excerpt":{"rendered":"<p>Rundballon mit einem Durchmesser von 24&#8243; (60cm) vom Hersteller TUFTEX in Standardfarben.<\/p>\n","protected":false},"featured_media":5565,"template":"","meta":[],"product_brand":[163],"product_cat":[373,359,355,371,375],"product_tag":[],"class_list":{"0":"post-9978","1":"product","2":"type-product","3":"status-publish","4":"has-post-thumbnail","6":"product_brand-tuftex","7":"product_cat-balloons","8":"product_cat-big","9":"product_cat-round-balloon","10":"product_cat-tuftex-en","11":"product_cat-visible","13":"first","14":"instock","15":"taxable","16":"shipping-taxable","17":"product-type-grouped"},"yoast_head":"<!-- This site is optimized with the Yoast SEO plugin v27.1.1 - https:\/\/yoast.com\/product\/yoast-seo-wordpress\/ -->\n<title>TUFTEX Rundballon 24&quot; (60cm) in Standardfarben<\/title>\n<meta name=\"description\" content=\"TUFTEX Rundballon 24&quot; (60cm) in Standardfarben bei BALLOONS UNITED g\u00fcnstig online kaufen. Riesige Auswahl an Lufballons in allen Gr\u00f6\u00dfen, Formen und Farben in unserem Ballon Onlineshop.\" \/>\n<meta name=\"robots\" content=\"index, follow, max-snippet:-1, max-image-preview:large, max-video-preview:-1\" \/>\n<link rel=\"canonical\" href=\"https:\/\/balloons-united.com\/en\/product\/tuftex-rundballon-24inch-60cm-standard\/\" \/>\n<meta property=\"og:locale\" content=\"en_US\" \/>\n<meta property=\"og:type\" content=\"article\" \/>\n<meta property=\"og:title\" content=\"TUFTEX Rundballon 24&quot; (60cm) in Standardfarben\" \/>\n<meta property=\"og:description\" content=\"TUFTEX Rundballon 24&quot; (60cm) in Standardfarben bei BALLOONS UNITED g\u00fcnstig online kaufen. Riesige Auswahl an Lufballons in allen Gr\u00f6\u00dfen, Formen und Farben in unserem Ballon Onlineshop.\" \/>\n<meta property=\"og:url\" content=\"https:\/\/balloons-united.com\/en\/product\/tuftex-rundballon-24inch-60cm-standard\/\" \/>\n<meta property=\"og:site_name\" content=\"Balloons United\" \/>\n<meta property=\"article:modified_time\" content=\"2025-10-21T12:53:15+00:00\" \/>\n<meta property=\"og:image\" content=\"https:\/\/balloons-united.com\/wp-content\/uploads\/balloons-united-tuftex-round-balloon-24inch-60cm-standard-model.jpg\" \/>\n\t<meta property=\"og:image:width\" content=\"1500\" \/>\n\t<meta property=\"og:image:height\" content=\"1500\" \/>\n\t<meta property=\"og:image:type\" content=\"image\/jpeg\" \/>\n<meta name=\"twitter:card\" content=\"summary_large_image\" \/>\n<script type=\"application\/ld+json\" class=\"yoast-schema-graph\">{\"@context\":\"https:\/\/schema.org\",\"@graph\":[{\"@type\":\"WebPage\",\"@id\":\"https:\/\/balloons-united.com\/en\/product\/tuftex-rundballon-24inch-60cm-standard\/\",\"url\":\"https:\/\/balloons-united.com\/en\/product\/tuftex-rundballon-24inch-60cm-standard\/\",\"name\":\"TUFTEX Rundballon 24\\\" (60cm) in Standardfarben\",\"isPartOf\":{\"@id\":\"https:\/\/balloons-united.com\/en\/#website\"},\"primaryImageOfPage\":{\"@id\":\"https:\/\/balloons-united.com\/en\/product\/tuftex-rundballon-24inch-60cm-standard\/#primaryimage\"},\"image\":{\"@id\":\"https:\/\/balloons-united.com\/en\/product\/tuftex-rundballon-24inch-60cm-standard\/#primaryimage\"},\"thumbnailUrl\":\"https:\/\/balloons-united.com\/wp-content\/uploads\/balloons-united-tuftex-round-balloon-24inch-60cm-standard-model.jpg\",\"datePublished\":\"2019-12-31T23:00:00+00:00\",\"dateModified\":\"2025-10-21T12:53:15+00:00\",\"description\":\"TUFTEX Rundballon 24\\\" (60cm) in Standardfarben bei BALLOONS UNITED g\u00fcnstig online kaufen. Riesige Auswahl an Lufballons in allen Gr\u00f6\u00dfen, Formen und Farben in unserem Ballon Onlineshop.\",\"breadcrumb\":{\"@id\":\"https:\/\/balloons-united.com\/en\/product\/tuftex-rundballon-24inch-60cm-standard\/#breadcrumb\"},\"inLanguage\":\"en-US\",\"potentialAction\":[{\"@type\":\"ReadAction\",\"target\":[\"https:\/\/balloons-united.com\/en\/product\/tuftex-rundballon-24inch-60cm-standard\/\"]}]},{\"@type\":\"ImageObject\",\"inLanguage\":\"en-US\",\"@id\":\"https:\/\/balloons-united.com\/en\/product\/tuftex-rundballon-24inch-60cm-standard\/#primaryimage\",\"url\":\"https:\/\/balloons-united.com\/wp-content\/uploads\/balloons-united-tuftex-round-balloon-24inch-60cm-standard-model.jpg\",\"contentUrl\":\"https:\/\/balloons-united.com\/wp-content\/uploads\/balloons-united-tuftex-round-balloon-24inch-60cm-standard-model.jpg\",\"width\":1500,\"height\":1500,\"caption\":\"BALLOONS UNITED - TUFTEX Round Balloon 24\\\" (60cm) Standard\"},{\"@type\":\"BreadcrumbList\",\"@id\":\"https:\/\/balloons-united.com\/en\/product\/tuftex-rundballon-24inch-60cm-standard\/#breadcrumb\",\"itemListElement\":[{\"@type\":\"ListItem\",\"position\":1,\"name\":\"Home\",\"item\":\"https:\/\/balloons-united.com\/en\/\"},{\"@type\":\"ListItem\",\"position\":2,\"name\":\"Shop\",\"item\":\"https:\/\/balloons-united.com\/shop\/\"},{\"@type\":\"ListItem\",\"position\":3,\"name\":\"Rundballon 24&#8243; (60cm) Standard | TUFTEX\"}]},{\"@type\":\"WebSite\",\"@id\":\"https:\/\/balloons-united.com\/en\/#website\",\"url\":\"https:\/\/balloons-united.com\/en\/\",\"name\":\"Balloons United\",\"description\":\"\",\"publisher\":{\"@id\":\"https:\/\/balloons-united.com\/en\/#organization\"},\"potentialAction\":[{\"@type\":\"SearchAction\",\"target\":{\"@type\":\"EntryPoint\",\"urlTemplate\":\"https:\/\/balloons-united.com\/en\/?s={search_term_string}\"},\"query-input\":{\"@type\":\"PropertyValueSpecification\",\"valueRequired\":true,\"valueName\":\"search_term_string\"}}],\"inLanguage\":\"en-US\"},{\"@type\":\"Organization\",\"@id\":\"https:\/\/balloons-united.com\/en\/#organization\",\"name\":\"Balloons United\",\"url\":\"https:\/\/balloons-united.com\/en\/\",\"logo\":{\"@type\":\"ImageObject\",\"inLanguage\":\"en-US\",\"@id\":\"https:\/\/balloons-united.com\/en\/#\/schema\/logo\/image\/\",\"url\":\"https:\/\/balloons-united.com\/wp-content\/uploads\/balloons-united-logo.png\",\"contentUrl\":\"https:\/\/balloons-united.com\/wp-content\/uploads\/balloons-united-logo.png\",\"width\":460,\"height\":134,\"caption\":\"Balloons United\"},\"image\":{\"@id\":\"https:\/\/balloons-united.com\/en\/#\/schema\/logo\/image\/\"}}]}<\/script>\n<!-- \/ Yoast SEO plugin. -->","yoast_head_json":{"title":"TUFTEX Rundballon 24\" (60cm) in Standardfarben","description":"TUFTEX Rundballon 24\" (60cm) in Standardfarben bei BALLOONS UNITED g\u00fcnstig online kaufen. Riesige Auswahl an Lufballons in allen Gr\u00f6\u00dfen, Formen und Farben in unserem Ballon Onlineshop.","robots":{"index":"index","follow":"follow","max-snippet":"max-snippet:-1","max-image-preview":"max-image-preview:large","max-video-preview":"max-video-preview:-1"},"canonical":"https:\/\/balloons-united.com\/en\/product\/tuftex-rundballon-24inch-60cm-standard\/","og_locale":"en_US","og_type":"article","og_title":"TUFTEX Rundballon 24\" (60cm) in Standardfarben","og_description":"TUFTEX Rundballon 24\" (60cm) in Standardfarben bei BALLOONS UNITED g\u00fcnstig online kaufen. Riesige Auswahl an Lufballons in allen Gr\u00f6\u00dfen, Formen und Farben in unserem Ballon Onlineshop.","og_url":"https:\/\/balloons-united.com\/en\/product\/tuftex-rundballon-24inch-60cm-standard\/","og_site_name":"Balloons United","article_modified_time":"2025-10-21T12:53:15+00:00","og_image":[{"width":1500,"height":1500,"url":"https:\/\/balloons-united.com\/wp-content\/uploads\/balloons-united-tuftex-round-balloon-24inch-60cm-standard-model.jpg","type":"image\/jpeg"}],"twitter_card":"summary_large_image","schema":{"@context":"https:\/\/schema.org","@graph":[{"@type":"WebPage","@id":"https:\/\/balloons-united.com\/en\/product\/tuftex-rundballon-24inch-60cm-standard\/","url":"https:\/\/balloons-united.com\/en\/product\/tuftex-rundballon-24inch-60cm-standard\/","name":"TUFTEX Rundballon 24\" (60cm) in Standardfarben","isPartOf":{"@id":"https:\/\/balloons-united.com\/en\/#website"},"primaryImageOfPage":{"@id":"https:\/\/balloons-united.com\/en\/product\/tuftex-rundballon-24inch-60cm-standard\/#primaryimage"},"image":{"@id":"https:\/\/balloons-united.com\/en\/product\/tuftex-rundballon-24inch-60cm-standard\/#primaryimage"},"thumbnailUrl":"https:\/\/balloons-united.com\/wp-content\/uploads\/balloons-united-tuftex-round-balloon-24inch-60cm-standard-model.jpg","datePublished":"2019-12-31T23:00:00+00:00","dateModified":"2025-10-21T12:53:15+00:00","description":"TUFTEX Rundballon 24\" (60cm) in Standardfarben bei BALLOONS UNITED g\u00fcnstig online kaufen. Riesige Auswahl an Lufballons in allen Gr\u00f6\u00dfen, Formen und Farben in unserem Ballon Onlineshop.","breadcrumb":{"@id":"https:\/\/balloons-united.com\/en\/product\/tuftex-rundballon-24inch-60cm-standard\/#breadcrumb"},"inLanguage":"en-US","potentialAction":[{"@type":"ReadAction","target":["https:\/\/balloons-united.com\/en\/product\/tuftex-rundballon-24inch-60cm-standard\/"]}]},{"@type":"ImageObject","inLanguage":"en-US","@id":"https:\/\/balloons-united.com\/en\/product\/tuftex-rundballon-24inch-60cm-standard\/#primaryimage","url":"https:\/\/balloons-united.com\/wp-content\/uploads\/balloons-united-tuftex-round-balloon-24inch-60cm-standard-model.jpg","contentUrl":"https:\/\/balloons-united.com\/wp-content\/uploads\/balloons-united-tuftex-round-balloon-24inch-60cm-standard-model.jpg","width":1500,"height":1500,"caption":"BALLOONS UNITED - TUFTEX Round Balloon 24\" (60cm) Standard"},{"@type":"BreadcrumbList","@id":"https:\/\/balloons-united.com\/en\/product\/tuftex-rundballon-24inch-60cm-standard\/#breadcrumb","itemListElement":[{"@type":"ListItem","position":1,"name":"Home","item":"https:\/\/balloons-united.com\/en\/"},{"@type":"ListItem","position":2,"name":"Shop","item":"https:\/\/balloons-united.com\/shop\/"},{"@type":"ListItem","position":3,"name":"Rundballon 24&#8243; (60cm) Standard | TUFTEX"}]},{"@type":"WebSite","@id":"https:\/\/balloons-united.com\/en\/#website","url":"https:\/\/balloons-united.com\/en\/","name":"Balloons United","description":"","publisher":{"@id":"https:\/\/balloons-united.com\/en\/#organization"},"potentialAction":[{"@type":"SearchAction","target":{"@type":"EntryPoint","urlTemplate":"https:\/\/balloons-united.com\/en\/?s={search_term_string}"},"query-input":{"@type":"PropertyValueSpecification","valueRequired":true,"valueName":"search_term_string"}}],"inLanguage":"en-US"},{"@type":"Organization","@id":"https:\/\/balloons-united.com\/en\/#organization","name":"Balloons United","url":"https:\/\/balloons-united.com\/en\/","logo":{"@type":"ImageObject","inLanguage":"en-US","@id":"https:\/\/balloons-united.com\/en\/#\/schema\/logo\/image\/","url":"https:\/\/balloons-united.com\/wp-content\/uploads\/balloons-united-logo.png","contentUrl":"https:\/\/balloons-united.com\/wp-content\/uploads\/balloons-united-logo.png","width":460,"height":134,"caption":"Balloons United"},"image":{"@id":"https:\/\/balloons-united.com\/en\/#\/schema\/logo\/image\/"}}]}},"_links":{"self":[{"href":"https:\/\/balloons-united.com\/en\/wp-json\/wp\/v2\/product\/9978","targetHints":{"allow":["GET"]}}],"collection":[{"href":"https:\/\/balloons-united.com\/en\/wp-json\/wp\/v2\/product"}],"about":[{"href":"https:\/\/balloons-united.com\/en\/wp-json\/wp\/v2\/types\/product"}],"wp:featuredmedia":[{"embeddable":true,"href":"https:\/\/balloons-united.com\/en\/wp-json\/wp\/v2\/media\/5565"}],"wp:attachment":[{"href":"https:\/\/balloons-united.com\/en\/wp-json\/wp\/v2\/media?parent=9978"}],"wp:term":[{"taxonomy":"product_brand","embeddable":true,"href":"https:\/\/balloons-united.com\/en\/wp-json\/wp\/v2\/product_brand?post=9978"},{"taxonomy":"product_cat","embeddable":true,"href":"https:\/\/balloons-united.com\/en\/wp-json\/wp\/v2\/product_cat?post=9978"},{"taxonomy":"product_tag","embeddable":true,"href":"https:\/\/balloons-united.com\/en\/wp-json\/wp\/v2\/product_tag?post=9978"}],"curies":[{"name":"wp","href":"https:\/\/api.w.org\/{rel}","templated":true}]}}